{"id":533,"date":"2019-05-06T13:24:25","date_gmt":"2019-05-06T16:24:25","guid":{"rendered":"https:\/\/www.em-la.com\/es\/?page_id=533"},"modified":"2025-02-14T11:15:04","modified_gmt":"2025-02-14T14:15:04","slug":"mexico","status":"publish","type":"page","link":"https:\/\/www.em-la.com\/en\/contatos\/mexico\/","title":{"rendered":"Mexico"},"content":{"rendered":"\r\n<pre class=\"wp-block-code\">\u00a0<\/pre>\r\n\r\n<p><span style=\"color: #51b033;\"><em><strong><img loading=\"lazy\" decoding=\"async\" class=\"wp-image-1000 alignnone\" src=\"https:\/\/www.em-la.com\/wp-content\/uploads\/2019\/08\/authorized_manufacturer.png\" alt=\"\" width=\"65\" height=\"85\" srcset=\"https:\/\/www.em-la.com\/wp-content\/uploads\/2019\/08\/authorized_manufacturer.png 192w, https:\/\/www.em-la.com\/wp-content\/uploads\/2019\/08\/authorized_manufacturer-24x31.png 24w\" sizes=\"auto, (max-width: 65px) 100vw, 65px\" \/><\/strong><\/em><\/span><\/p>\r\n<p><span style=\"color: #51b033;\"><em><strong>AUTHORIZED MANUFACTURER<\/strong><\/em><\/span><\/p>\r\n<hr \/>\r\n<p>&nbsp;<\/p>\r\n<p><img loading=\"lazy\" decoding=\"async\" class=\"alignnone  wp-image-1506\" src=\"https:\/\/www.em-la.com\/wp-content\/uploads\/2022\/03\/Captura-de-Pantalla-2022-03-03-a-las-10.51.29-300x197.png\" alt=\"\" width=\"251\" height=\"165\" srcset=\"https:\/\/www.em-la.com\/wp-content\/uploads\/2022\/03\/Captura-de-Pantalla-2022-03-03-a-las-10.51.29-300x197.png 300w, https:\/\/www.em-la.com\/wp-content\/uploads\/2022\/03\/Captura-de-Pantalla-2022-03-03-a-las-10.51.29-35x23.png 35w, https:\/\/www.em-la.com\/wp-content\/uploads\/2022\/03\/Captura-de-Pantalla-2022-03-03-a-las-10.51.29.png 384w\" sizes=\"auto, (max-width: 251px) 100vw, 251px\" \/><\/p>\r\n<p><span class=\"s1\">Ing. Andr\u00e9s Gonzalez Amores<br \/><\/span><span class=\"s1\">Tel: +(52) 222 752-5307<br \/><\/span><span class=\"s1\">e-mail: <a href=\"mailto:cisem@em-la.com\">cisem@em-la.com<\/a><br \/>San Andr\u00e9s Cholula, Puebla, M\u00e9xico.<\/span><\/p>\r\n<p>&nbsp;<\/p>\r\n<p><img loading=\"lazy\" decoding=\"async\" class=\"wp-image-1518 alignnone\" src=\"https:\/\/www.em-la.com\/wp-content\/uploads\/2022\/03\/logo-Suplier-300x212.png\" alt=\"\" width=\"135\" height=\"96\" srcset=\"https:\/\/www.em-la.com\/wp-content\/uploads\/2022\/03\/logo-Suplier-300x212.png 300w, https:\/\/www.em-la.com\/wp-content\/uploads\/2022\/03\/logo-Suplier-768x543.png 768w, https:\/\/www.em-la.com\/wp-content\/uploads\/2022\/03\/logo-Suplier-35x25.png 35w, https:\/\/www.em-la.com\/wp-content\/uploads\/2022\/03\/logo-Suplier.png 843w\" sizes=\"auto, (max-width: 135px) 100vw, 135px\" \/><\/p>\r\n<p><span style=\"color: #51b033;\"><em><strong>AUTHORIZED SUPPLIER<\/strong><\/em><\/span><\/p>\r\n<hr \/>\r\n<h4>\u00a0<\/h4>\r\n<h4 class=\"p1\"><span style=\"color: #51b033;\"><strong><span class=\"s1\">\u2022 PUEBLA<\/span><\/strong><\/span><\/h4>\r\n<p class=\"p1\"><span class=\"s1\"><img loading=\"lazy\" decoding=\"async\" class=\"alignnone  wp-image-1508\" src=\"https:\/\/www.em-la.com\/wp-content\/uploads\/2022\/03\/Captura-de-Pantalla-2022-03-03-a-las-11.00.32-300x163.png\" alt=\"\" width=\"245\" height=\"133\" srcset=\"https:\/\/www.em-la.com\/wp-content\/uploads\/2022\/03\/Captura-de-Pantalla-2022-03-03-a-las-11.00.32-300x163.png 300w, https:\/\/www.em-la.com\/wp-content\/uploads\/2022\/03\/Captura-de-Pantalla-2022-03-03-a-las-11.00.32-35x19.png 35w, https:\/\/www.em-la.com\/wp-content\/uploads\/2022\/03\/Captura-de-Pantalla-2022-03-03-a-las-11.00.32.png 432w\" sizes=\"auto, (max-width: 245px) 100vw, 245px\" \/><\/span><\/p>\r\n<p class=\"p1\"><span class=\"s1\">Ing. Andr\u00e9s Gonzalez Amores<br \/><\/span><span class=\"s1\">Tel: +(52) 222 752-5307<br \/><\/span><span class=\"s1\">e-mail: <a href=\"mailto:cisem@em-la.com\">cisem@em-la.com<\/a><br \/>San Andr\u00e9s Cholula, Puebla, M\u00e9xico.<\/span><\/p>\r\n<p>&nbsp;<\/p>\r\n<h4 class=\"p1\"><span style=\"color: #51b033;\"><strong><span class=\"s1\">\u2022 SINALOA<\/span><\/strong><\/span><\/h4>\r\n<p><img loading=\"lazy\" decoding=\"async\" class=\"alignnone  wp-image-1508\" src=\"https:\/\/www.em-la.com\/wp-content\/uploads\/2022\/03\/Captura-de-Pantalla-2022-03-03-a-las-11.00.32-300x163.png\" alt=\"\" width=\"247\" height=\"134\" srcset=\"https:\/\/www.em-la.com\/wp-content\/uploads\/2022\/03\/Captura-de-Pantalla-2022-03-03-a-las-11.00.32-300x163.png 300w, https:\/\/www.em-la.com\/wp-content\/uploads\/2022\/03\/Captura-de-Pantalla-2022-03-03-a-las-11.00.32-35x19.png 35w, https:\/\/www.em-la.com\/wp-content\/uploads\/2022\/03\/Captura-de-Pantalla-2022-03-03-a-las-11.00.32.png 432w\" sizes=\"auto, (max-width: 247px) 100vw, 247px\" \/><\/p>\r\n<p class=\"p1\"><span class=\"s1\">Juan Pablo Vega<br \/><\/span><span class=\"s1\">Tel: +(52) 667 211-0674<br \/><\/span><span class=\"s1\">e-mail: <a href=\"mailto:jpvega@rigare.com.mx\">jpvega@rigare.com.mx<\/a><br \/>Culiac\u00e1n de Rosales, Sinaloa, M\u00e9xico.<\/span><\/p>\r\n<!-- \/wp:post-content -->","protected":false},"excerpt":{"rendered":"<p>AUTHORIZED MANUFACTURER &nbsp; Ing. Andr\u00e9s Gonzalez AmoresTel: +(52) 222 752-5307e-mail: cisem@em-la.comSan Andr\u00e9s Cholula, Puebla, M\u00e9xico. &nbsp; AUTHORIZED SUPPLIER \u00a0 \u2022 PUEBLA Ing. Andr\u00e9s Gonzalez AmoresTel: +(52) 222 752-5307e-mail: cisem@em-la.comSan Andr\u00e9s Cholula, Puebla, M\u00e9xico. &nbsp; \u2022 SINALOA Juan Pablo VegaTel: +(52) 667 211-0674e-mail: jpvega@rigare.com.mxCuliac\u00e1n de Rosales, Sinaloa, M\u00e9xico.<\/p>\n","protected":false},"author":4,"featured_media":534,"parent":100,"menu_order":0,"comment_status":"closed","ping_status":"closed","template":"template-base.php","meta":{"footnotes":""},"class_list":["post-533","page","type-page","status-publish","has-post-thumbnail","hentry"],"_links":{"self":[{"href":"https:\/\/www.em-la.com\/en\/wp-json\/wp\/v2\/pages\/533","targetHints":{"allow":["GET"]}}],"collection":[{"href":"https:\/\/www.em-la.com\/en\/wp-json\/wp\/v2\/pages"}],"about":[{"href":"https:\/\/www.em-la.com\/en\/wp-json\/wp\/v2\/types\/page"}],"author":[{"embeddable":true,"href":"https:\/\/www.em-la.com\/en\/wp-json\/wp\/v2\/users\/4"}],"replies":[{"embeddable":true,"href":"https:\/\/www.em-la.com\/en\/wp-json\/wp\/v2\/comments?post=533"}],"version-history":[{"count":51,"href":"https:\/\/www.em-la.com\/en\/wp-json\/wp\/v2\/pages\/533\/revisions"}],"predecessor-version":[{"id":1747,"href":"https:\/\/www.em-la.com\/en\/wp-json\/wp\/v2\/pages\/533\/revisions\/1747"}],"up":[{"embeddable":true,"href":"https:\/\/www.em-la.com\/en\/wp-json\/wp\/v2\/pages\/100"}],"wp:featuredmedia":[{"embeddable":true,"href":"https:\/\/www.em-la.com\/en\/wp-json\/wp\/v2\/media\/534"}],"wp:attachment":[{"href":"https:\/\/www.em-la.com\/en\/wp-json\/wp\/v2\/media?parent=533"}],"curies":[{"name":"wp","href":"https:\/\/api.w.org\/{rel}","templated":true}]}}