{"id":1459,"date":"2021-05-29T17:15:53","date_gmt":"2021-05-29T20:15:53","guid":{"rendered":"https:\/\/www.em-la.com\/?page_id=1459"},"modified":"2021-05-29T17:23:37","modified_gmt":"2021-05-29T20:23:37","slug":"politica-de-privacidade","status":"publish","type":"page","link":"https:\/\/www.em-la.com\/es\/politica-de-privacidade\/","title":{"rendered":"Pol\u00edtica de privacidad"},"content":{"rendered":"<p><strong>Politica de Cookies<\/strong><\/p>\n<p>Las cookies en Internet son herramientas esenciales para ofrecer una mejor experiencia de navegaci\u00f3n en los sitios web. Con ellos se recopila cierta informaci\u00f3n para \u00abpersonalizar\u00bb el sitio web seg\u00fan las caracter\u00edsticas de cada usuario. No se recopilan datos personales a trav\u00e9s de nuestro sitio web.<\/p>\n<p>Las cookies utilizadas en nuestro sitio web est\u00e1n categorizadas y puede leer sobre cada categor\u00eda y permitir o negar parte o la totalidad. Cuando las categor\u00edas previamente permitidas est\u00e1n deshabilitadas, todas las cookies asignadas a esa categor\u00eda se eliminar\u00e1n de su navegador. Adem\u00e1s, puede ver una lista de cookies asignadas a cada categor\u00eda e informaci\u00f3n detallada en la declaraci\u00f3n de cookies a continuaci\u00f3n.<\/p>\n<p><strong>Cookies requeridas<\/strong><\/p>\n<p>Algunas cookies son necesarias para proporcionar la funcionalidad principal. El sitio web no funcionar\u00e1 correctamente sin estas cookies y est\u00e1n habilitadas de forma predeterminada y no se pueden deshabilitar.<\/p>\n<p>&nbsp;<\/p>\n<table>\n<tbody>\n<tr>\n<td width=\"189\"><strong>NOMBRE DE LA COOKIE<\/strong><\/td>\n<td width=\"165\"><strong>PROVEEDOR<\/strong><\/td>\n<td width=\"177\"><strong>MODELO<\/strong><\/td>\n<td width=\"177\"><strong>T\u00c9RMINO<\/strong><\/td>\n<\/tr>\n<tr>\n<td width=\"189\">L\u00edngua<\/td>\n<td width=\"165\">em-la.com<\/td>\n<td width=\"177\">HTTP<\/td>\n<td width=\"177\">1 a\u00f1o<\/td>\n<\/tr>\n<tr>\n<td colspan=\"4\" width=\"707\"><strong>Primera URL encontrada:<\/strong> https:\/\/www.em-la.com\/<\/p>\n<p><strong>Descripci\u00f3n de la finalidad de la cookie<\/strong>: Guarda el idioma preferido del usuario en el sitio web.<\/p>\n<p><strong>Iniciador:<\/strong> servidor web<\/p>\n<p><strong>Fuente:<\/strong> em-la.com<\/p>\n<p><strong>Los datos se env\u00edan a:<\/strong> Estados Unidos<\/td>\n<\/tr>\n<\/tbody>\n<\/table>\n<p>&nbsp;<\/p>\n<p><strong>Cookies de Estad\u00edsticas<\/strong><\/p>\n<p>Las cookies de estad\u00edsticas ayudan a los propietarios de sitios web a comprender c\u00f3mo los visitantes interact\u00faan con los sitios web, recopilando y reportando informaci\u00f3n de forma an\u00f3nima.<\/p>\n<p>&nbsp;<\/p>\n<table>\n<tbody>\n<tr>\n<td width=\"189\"><strong>NOMBRE DE LA COOKIE<\/strong><\/td>\n<td width=\"165\"><strong>PROVEEDOR<\/strong><\/td>\n<td width=\"177\"><strong>MODELO<\/strong><\/td>\n<td width=\"177\"><strong>T\u00c9RMINO<\/strong><\/td>\n<\/tr>\n<tr>\n<td width=\"189\">_ga<\/td>\n<td width=\"165\">em-la.com<\/td>\n<td width=\"177\">HTTP<\/td>\n<td width=\"177\">2 a\u00f1os<\/td>\n<\/tr>\n<tr>\n<td colspan=\"4\" width=\"707\"><strong>Primera URL encontrada: <\/strong>https:\/\/www.em-la.com\/<\/p>\n<p><strong>Descripci\u00f3n del prop\u00f3sito de la cookie:<\/strong> registra una identificaci\u00f3n \u00fanica que se utiliza para generar datos estad\u00edsticos sobre c\u00f3mo el visitante usa el sitio web.<\/p>\n<p><strong>Iniciador:<\/strong> secuencia de comandos en l\u00ednea, n\u00famero de l\u00ednea de fuente de p\u00e1gina 722-728<\/p>\n<p><strong>Fuente:<\/strong> https:\/\/www.google-analytics.com\/analytics.js<\/p>\n<p><strong>Los datos se env\u00edan a:<\/strong> Estados Unidos<\/td>\n<\/tr>\n<\/tbody>\n<\/table>\n<p>&nbsp;<\/p>\n<table>\n<tbody>\n<tr>\n<td width=\"177\"><strong>NOME DO COOKIE<\/strong><\/td>\n<td width=\"177\"><strong>FORNECEDOR<\/strong><\/td>\n<td width=\"177\"><strong>MODELO<\/strong><\/td>\n<td width=\"177\"><strong>TERMO<\/strong><\/td>\n<\/tr>\n<tr>\n<td width=\"177\">_gat<\/td>\n<td width=\"177\">em-la.com<\/td>\n<td width=\"177\">HTTP<\/td>\n<td width=\"177\">1 d\u00eda<\/td>\n<\/tr>\n<tr>\n<td colspan=\"4\" width=\"707\"><strong>Primera URL encontrada:<\/strong> https:\/\/www.em-la.com\/<\/p>\n<p><strong>Descri\u00e7\u00e3o da finalidade do cookie: <\/strong>Utilizado por Google Analytics para la tasa de solicitud de rottle<\/p>\n<p>Iniciador: secuencia de comandos en l\u00ednea, n\u00famero de l\u00ednea de fuente de p\u00e1gina 722-728<\/p>\n<p><strong>Fuente:<\/strong> https:\/\/www.google-analytics.com\/analytics.js<\/p>\n<p><strong>Os dados s\u00e3o enviados para:<\/strong> Estados Unidos<\/td>\n<\/tr>\n<\/tbody>\n<\/table>\n<p>&nbsp;<\/p>\n<table>\n<tbody>\n<tr>\n<td width=\"189\"><strong>NOMBRE DE LA COOKIE<\/strong><\/td>\n<td width=\"165\"><strong>PROVEEDOR<\/strong><\/td>\n<td width=\"177\"><strong>MODELO<\/strong><\/td>\n<td width=\"177\"><strong>T\u00c9RMINO<\/strong><\/td>\n<\/tr>\n<tr>\n<td width=\"189\">_gid<\/td>\n<td width=\"165\">em-la.com<\/td>\n<td width=\"177\">HTTP<\/td>\n<td width=\"177\">1 d\u00eda<\/td>\n<\/tr>\n<tr>\n<td colspan=\"4\" width=\"707\"><strong>Primera URL encontrada:<\/strong> https:\/\/www.em-la.com\/<\/p>\n<p><strong>Descripci\u00f3n del prop\u00f3sito de la cookie:<\/strong> registra una identificaci\u00f3n \u00fanica que se utiliza para generar datos estad\u00edsticos sobre c\u00f3mo el visitante usa el sitio web.<\/p>\n<p><strong>Iniciador:<\/strong> secuencia de comandos en l\u00ednea, n\u00famero de l\u00ednea de fuente de p\u00e1gina 722-728<\/p>\n<p><strong>Fuente:<\/strong> https:\/\/www.google-analytics.com\/analytics.js<\/p>\n<p><strong>Los datos se env\u00edan a:<\/strong> Estados Unidos<\/td>\n<\/tr>\n<\/tbody>\n<\/table>\n<p>&nbsp;<\/p>\n<p><strong>Cookies de Marketing<\/strong><\/p>\n<p>Las cookies de marketing se utilizan para rastrear a los visitantes de los sitios web. La intenci\u00f3n es mostrar anuncios que sean relevantes y atractivos para el usuario individual y, por lo tanto, m\u00e1s valiosos para los editores y anunciantes externos.<\/p>\n<p>&nbsp;<\/p>\n<table>\n<tbody>\n<tr>\n<td width=\"189\"><strong>NOMBRE DE LA COOKIE<\/strong><\/td>\n<td width=\"165\"><strong>PROVEEDOR<\/strong><\/td>\n<td width=\"177\"><strong>MODELO<\/strong><\/td>\n<td width=\"177\"><strong>T\u00c9RMINO<\/strong><\/td>\n<\/tr>\n<tr>\n<td width=\"189\">fr<\/td>\n<td width=\"165\">facebook.com<\/td>\n<td width=\"177\">HTTP<\/td>\n<td width=\"177\">3 meses<\/td>\n<\/tr>\n<tr>\n<td colspan=\"4\" width=\"707\"><strong>Primera URL encontrada:<\/strong> https:\/\/www.em-la.com\/<\/p>\n<p><strong>Descripci\u00f3n del prop\u00f3sito de la cookie:<\/strong> utilizada por Facebook para ofrecer una variedad de productos de anunciantes, como ofertas en tiempo real de anunciantes externos.<\/p>\n<p><strong>Iniciador:<\/strong> etiqueta de secuencia de comandos, n\u00famero de l\u00ednea de origen de la p\u00e1gina 311-317<\/p>\n<p><strong>Fuente:<\/strong> https:\/\/www.facebook.com\/tr\/?id = 791210647597337ev = fb_page_viewdl = https% 3A% 2F% 2Fwww.em-la.com% 2Frl = https% 3A% 2F% 2Fwww.em-la.com % 2Fse = falsets = 1621258471101sw = 1024sh = 768at =<\/p>\n<p><strong>Los datos se env\u00edan a:<\/strong> Reino Unido<\/td>\n<\/tr>\n<\/tbody>\n<\/table>\n<p>&nbsp;<\/p>\n<table>\n<tbody>\n<tr>\n<td width=\"200\"><strong>NOMBRE DE LA COOKIE<\/strong><\/td>\n<td width=\"176\"><strong>PROVEEDOR<\/strong><\/td>\n<td width=\"168\"><strong>MODELO<\/strong><\/td>\n<td width=\"163\"><strong>T\u00c9RMINO<\/strong><\/td>\n<\/tr>\n<tr>\n<td width=\"200\">tr<\/td>\n<td width=\"176\">facebook.com<\/td>\n<td width=\"168\">Pixel<\/td>\n<td width=\"163\">sess\u00e3o<\/td>\n<\/tr>\n<tr>\n<td colspan=\"4\" width=\"707\"><strong>Primera URL encontrada:<\/strong> https:\/\/www.em-la.com\/<\/p>\n<p><strong>Descripci\u00f3n del prop\u00f3sito de la cookie:<\/strong> utilizada por Facebook para ofrecer una variedad de productos de anunciantes, como ofertas en tiempo real de anunciantes externos.<\/p>\n<p><strong>Iniciador:<\/strong> Script en l\u00ednea, n\u00famero de l\u00ednea de fuente de p\u00e1gina 311-317<\/p>\n<p><strong>Fuente:<\/strong> https:\/\/www.facebook.com\/tr\/?id=791210647597337ev=fb_page_viewdl=https%3A%2F%2Fwww.em-la.com%2Frl=https%3A%2F%2Fwww.em-la.com%2Fse=falsets=1621258471101sw=1024sh=768at=<\/p>\n<p><strong>Los datos se env\u00edan a:<\/strong> Reino Unido<\/td>\n<\/tr>\n<\/tbody>\n<\/table>\n<p>&nbsp;<\/p>\n","protected":false},"excerpt":{"rendered":"<p>Politica de Cookies Las cookies en Internet son herramientas esenciales para ofrecer una mejor experiencia de navegaci\u00f3n en los sitios web. Con ellos se recopila cierta informaci\u00f3n para \u00abpersonalizar\u00bb el sitio web seg\u00fan las caracter\u00edsticas de cada usuario. No se recopilan datos personales a trav\u00e9s de nuestro sitio web. Las cookies utilizadas en nuestro sitio [&hellip;]<\/p>\n","protected":false},"author":4,"featured_media":0,"parent":0,"menu_order":0,"comment_status":"closed","ping_status":"closed","template":"template-base-aplicacoes.php","meta":{"footnotes":""},"class_list":["post-1459","page","type-page","status-publish","hentry"],"_links":{"self":[{"href":"https:\/\/www.em-la.com\/es\/wp-json\/wp\/v2\/pages\/1459","targetHints":{"allow":["GET"]}}],"collection":[{"href":"https:\/\/www.em-la.com\/es\/wp-json\/wp\/v2\/pages"}],"about":[{"href":"https:\/\/www.em-la.com\/es\/wp-json\/wp\/v2\/types\/page"}],"author":[{"embeddable":true,"href":"https:\/\/www.em-la.com\/es\/wp-json\/wp\/v2\/users\/4"}],"replies":[{"embeddable":true,"href":"https:\/\/www.em-la.com\/es\/wp-json\/wp\/v2\/comments?post=1459"}],"version-history":[{"count":10,"href":"https:\/\/www.em-la.com\/es\/wp-json\/wp\/v2\/pages\/1459\/revisions"}],"predecessor-version":[{"id":1469,"href":"https:\/\/www.em-la.com\/es\/wp-json\/wp\/v2\/pages\/1459\/revisions\/1469"}],"wp:attachment":[{"href":"https:\/\/www.em-la.com\/es\/wp-json\/wp\/v2\/media?parent=1459"}],"curies":[{"name":"wp","href":"https:\/\/api.w.org\/{rel}","templated":true}]}}