{"id":351,"date":"2019-05-03T11:25:41","date_gmt":"2019-05-03T14:25:41","guid":{"rendered":"https:\/\/www.em-la.com\/es\/?page_id=351"},"modified":"2025-10-30T09:35:44","modified_gmt":"2025-10-30T12:35:44","slug":"brasil","status":"publish","type":"page","link":"https:\/\/www.em-la.com\/es\/contatos\/brasil\/","title":{"rendered":"Brasil"},"content":{"rendered":"\r\n<pre class=\"wp-block-code\">\u00a0<\/pre>\r\n\r\n<p><span style=\"color: #51b033;\"><em><strong><img loading=\"lazy\" decoding=\"async\" class=\"wp-image-1000 alignnone\" src=\"https:\/\/www.em-la.com\/wp-content\/uploads\/2019\/08\/authorized_manufacturer.png\" alt=\"\" width=\"65\" height=\"85\" srcset=\"https:\/\/www.em-la.com\/wp-content\/uploads\/2019\/08\/authorized_manufacturer.png 192w, https:\/\/www.em-la.com\/wp-content\/uploads\/2019\/08\/authorized_manufacturer-24x31.png 24w\" sizes=\"auto, (max-width: 65px) 100vw, 65px\" \/><\/strong><\/em><\/span><\/p>\r\n<p><span style=\"color: #51b033;\"><em><strong>FABRICANTE AUTORIZADO<\/strong><\/em><\/span><\/p>\r\n<hr \/>\r\n<p><img loading=\"lazy\" decoding=\"async\" class=\"wp-image-396 alignnone\" src=\"https:\/\/www.em-la.com\/wp-content\/uploads\/2019\/05\/logo-ambiem-300x113.png\" alt=\"\" width=\"218\" height=\"82\" srcset=\"https:\/\/www.em-la.com\/wp-content\/uploads\/2019\/05\/logo-ambiem-300x113.png 300w, https:\/\/www.em-la.com\/wp-content\/uploads\/2019\/05\/logo-ambiem-35x13.png 35w, https:\/\/www.em-la.com\/wp-content\/uploads\/2019\/05\/logo-ambiem.png 558w\" sizes=\"auto, (max-width: 218px) 100vw, 218px\" \/><\/p>\r\n<p class=\"p1\"><strong><span class=\"s1\">AMBIEM &#8211; FABRICA<br \/><\/span><\/strong><span class=\"s1\">Ing. Cid Sim\u00f5es<br \/>Rua Araponga, 537. Quadra 2, Lote 10. Loteamento Varandas Tropicais.<br \/><\/span><span class=\"s1\">Lauro de Freitas, Bahia. CEP: 42701-330<br \/>Tel: +55 (71) 99969-9757<br \/>e-mail:\u00a0<a href=\"mailto:ambiem@em-la.com\">ambiem@em-la.com<\/a><\/span><\/p>\r\n<p class=\"p2\"><span class=\"s1\">\u00a0<\/span><\/p>\r\n<p class=\"p3\"><span class=\"s1\"><span style=\"color: #51b033;\"><em><strong><img loading=\"lazy\" decoding=\"async\" class=\"alignnone wp-image-1001\" src=\"https:\/\/www.em-la.com\/wp-content\/uploads\/2019\/08\/authorized_resseler.png\" alt=\"\" width=\"65\" height=\"85\" srcset=\"https:\/\/www.em-la.com\/wp-content\/uploads\/2019\/08\/authorized_resseler.png 192w, https:\/\/www.em-la.com\/wp-content\/uploads\/2019\/08\/authorized_resseler-24x31.png 24w\" sizes=\"auto, (max-width: 65px) 100vw, 65px\" \/><\/strong><\/em><\/span><\/span><\/p>\r\n<p class=\"p3\"><span class=\"s1\"><span style=\"color: #51b033;\"><em><strong>AUTHORIZED RESELLERS<\/strong><\/em><\/span><\/span><\/p>\r\n<hr \/>\r\n<h4 class=\"p1\"><span style=\"color: #51b033;\"><strong><span class=\"s1\">\u2022 BAHIA<br \/><br \/><\/span><\/strong><\/span><\/h4>\r\n<p class=\"p1\"><span class=\"s1\"><b>CEREUS\u00a0 &#8211; DISTRIBUIDOR AUTORIZADO<\/b><\/span><span class=\"s1\"><br \/>Ing. Mariza Tartari<br \/><\/span><span class=\"s1\">Tel: +55 (71) 99400-8100<br \/><\/span><span class=\"s1\">e-mail: <a href=\"mailto:mariza@cereusbr.com.br\">mariza@cereusbr.com.br<\/a><br \/><\/span><strong><span class=\"s1\">Lauro de Freitas &#8211; BA<\/span><\/strong><\/p>\r\n<p class=\"p1\"><span class=\"s1\"><b>VIMA AMBIENTAL Ltda &#8211; DISTRIBUIDOR AUTORIZADO<br \/><\/b><\/span><span class=\"s1\">Manuela Falc\u00e3o<br \/><\/span><span class=\"s1\">Tel: +55 (75) 99975-2848<br \/><\/span><span class=\"s1\">e-mail: <a href=\"mailto:contato.vima@outlook.com\">contato.vima@outlook.com<\/a><br \/><\/span><strong><span class=\"s1\">Feira de Santana &#8211; BA<\/span><\/strong><\/p>\r\n<p class=\"p1\"><span class=\"s1\"><b>Mundial Agr\u00edcola Ltda &#8211; REVENDA AUTORIZADA<br \/><\/b>Ing. Patrick Marciel<br \/>Tel: +55 (75) 77 9997-7229<br \/>e-mail: <a href=\"mailto:mundialagricola@hotmail.com\">mundialagricola@hotmail.com<\/a><br \/><strong>Livramento de Nossa Senhora &#8211; BA<\/strong><strong><br \/><\/strong><\/span><\/p>\r\n<p>&nbsp;<\/p>\r\n<h4 class=\"p1\"><span style=\"color: #51b033;\"><strong><span class=\"s1\">\u2022 CEAR\u00c1<\/span><span class=\"s1\">\u00a0<br \/><br \/><\/span><\/strong><\/span><\/h4>\r\n<p class=\"p1\"><span class=\"s1\"><b>Bioceleiro &#8211; DISTRIBUIDOR AUTORIZADO\u00a0<br \/><\/b><\/span><span class=\"s1\">Enio Sales<br \/><\/span><span class=\"s1\">Tel: +55 (85) 98188-0740<br \/><\/span><span class=\"s1\">e-mail: <a href=\"mailto:enio.sales08@gmail.com\"><span class=\"s2\">enio.sales08@gmail.com<\/span><\/a><br \/><\/span><strong><span class=\"s1\">Ibiapaba &#8211; CE<\/span><\/strong><\/p>\r\n<p class=\"p1\"><span class=\"s1\"><b>WL Aquarius &#8211; DISTRIBUIDOR AUTORIZADO<br \/><\/b><\/span><span class=\"s1\">Lara Eliza Silva<br \/><\/span><span class=\"s1\">Tel: +55 (88) 99447-6721 <br \/><\/span><span class=\"s1\">e-mail: <a href=\"mailto:wellingtonrebcs@gmail.com\">wellingtonrebcs@gmail.com<\/a><br \/><\/span><strong><span class=\"s1\">Jaguaruana &#8211; CE<br \/><br \/><\/span><\/strong><\/p>\r\n<h4 class=\"p1\"><span style=\"color: #51b033;\"><strong><span class=\"s1\">\u2022 DISTRITO FEDERAL<br \/><br \/><\/span><\/strong><\/span><\/h4>\r\n<p class=\"p1\"><strong><span class=\"s1\">ARBOR AGRO INDUSTRIAL LTDA &#8211; REVENDA<br \/><\/span><\/strong><span class=\"s1\">Tel: +55 (61) 99625-5736<br \/>e-mail: <a href=\"mailto:eduardomonneratjr@gmail.com\">eduardomonneratjr@gmail.com<\/a><br \/>Q SAAN, Quadra 2, Parte V14, N770, Zona Industrial. CEP: 70632-200<br \/><strong>Brasilia &#8211; DF<br \/><br \/><\/strong><\/span><\/p>\r\n<h4 class=\"p1\"><span style=\"color: #51b033;\"><strong><span class=\"s1\">\u2022 ESP\u00cdRITO SANTO<br \/><br \/><\/span><\/strong><\/span><\/h4>\r\n<p class=\"p1\"><span class=\"s1\"><b>Bio Santo &#8211; DISTRIBUIDOR AUTORIZADO<br \/><\/b>Vitor Bolis Ruy<br \/>Tel: +55 (27) 99608-1521<br \/>e-mail: <a href=\"mailto:vitorbruy@hotmail.com\">vitorbruy@hotmail.com<\/a><br \/><\/span><strong><span class=\"s1\">S\u00e3o Mateus &#8211; ES<br \/><\/span><\/strong><\/p>\r\n<p class=\"p1\"><strong><span class=\"s1\">Terra Santa &#8211; REVENDEDOR AUTORIZADO<br \/><\/span><\/strong><span class=\"s1\">Abrah\u00e30 Laurett<\/span><span class=\"s1\"><br \/>Tel: +55 (28) 99938-4185<br \/>e-mail: <a href=\"mailto:terrasanta.agri@gmail.com\">terrasanta.agri@gmail.com<\/a>\u00a0\/ <a href=\"mailto:abrahaoigo@gmail.com\">abrahaoigo@gmail.com<\/a><\/span><span class=\"s1\"><br \/><\/span><strong><span class=\"s1\">Santa Maria de Jetib\u00e1 &#8211; ES<\/span><\/strong><\/p>\r\n<h4>\u00a0<\/h4>\r\n<h4 class=\"p1\"><span style=\"color: #51b033;\"><strong><span class=\"s1\">\u2022 GOI\u00c1S<br \/><br \/><\/span><\/strong><\/span><\/h4>\r\n<p><span class=\"s1\"><b>EMAGRITEC &#8211; DISTRIBUIDOR AUTORIZADO<\/b><\/span><span class=\"s1\"><br \/><\/span>Tel: +55 (61) 99655-8141<br \/>e-mail: <a href=\"mailto:comercial.emagritec@gmail.com\">comercial.emagritec@gmail.com<\/a> \/ <a href=\"mailto:emagritec@gmail.com\">emagritec@gmail.com<\/a><br \/>Avenida Brasilia, N1000-A, Loja 02, Formosinha. CEP: 78813-010<br \/><strong>Formosa &#8211; GO<\/strong><\/p>\r\n<p class=\"p1\"><span class=\"s1\"><b>RS Agr\u00edcola &#8211; REVENDA<br \/><\/b><\/span><span class=\"s1\">Eduardo Rodrigues<br \/><\/span><span class=\"s1\">Tel: +55 (64) 3014-7505<br \/><\/span><span class=\"s1\">e-mail: <a href=\"mailto:virginiarsagricola@gmail.com\">virginia<span class=\"s2\">rsagricola@gmail.com<\/span><\/a><br \/><\/span>Rua Benjamim Constant, N1801, Q01, Lt15. Vila Santa Maria. CEP: 75800-138<br \/><strong>Jata\u00ed &#8211; GO<\/strong><\/p>\r\n<p><strong>NUTRI FERTIL AGRO &#8211; REVENDA<\/strong><br \/>Tel: +55 (64)3213-9392<br \/>e-mail: <a href=\"mailto:financeiro@nutrifertilrv.com.br\">financeiro@nutrifertilrv.com.br<\/a><br \/>Avenida Pauzanes, Quadra 32, Lote 07, N881, Setor Pauzanes. CEP: 75903-060<br \/><strong>Rio Verde &#8211; GO<\/strong><\/p>\r\n<p><strong>FORTE AGRO PRODUTOS AGRICOLA LTDA &#8211; REVENDA<\/strong><br \/>Tel: +55 (62) 99632-9140<br \/>e-mail: <a href=\"mailto:nilton@forteagro.net\">nilton@forteagro.net<\/a><br \/>Rua Jose Marques de Jesus Junior, N970. Quadra 45A, Lote 10. Sala A. CEP: 74675-470<br \/><strong>Goi\u00e2nia &#8211; GO<br \/><br \/>TARIM GROUP &#8211; REVENDA<\/strong><br \/>Tel: +55 (62) 99250-3535<br \/>e-mail: <a href=\"mailto:tarimagroindustria@tarimgroup.com.br\">tarimagroindustria@tarimgroup.com.br<\/a><br \/>Avenida Goi\u00e1s, N375, Q12, Lt 3 e 4, Sala 1413. Setor Vista Alegre. CEP: 75265-000<br \/><strong>Vian\u00f3polis &#8211; GO<br \/><br \/><\/strong><\/p>\r\n<h4 class=\"p1\"><span style=\"color: #51b033;\"><strong><span class=\"s1\">\u2022 MATO GROSSO<br \/><br \/><\/span><\/strong><\/span><\/h4>\r\n<p class=\"p1\"><span class=\"s1\"><b>Casa Biol\u00f3gica &#8211; DISTRIBUIDOR AUTORIZADO<br \/><\/b><\/span><span class=\"s1\">Ing. Jos\u00e9 Walter Meyer<br \/><\/span><span class=\"s1\">Tel: +55 (65) 3325-2020 \/ (65) 999337891<br \/><\/span><span class=\"s1\">e-mail: <a href=\"mailto:josewalter@fertilitybio.com.br\"><span class=\"s2\">josewalter@casabiologica.com.br<\/span><\/a><br \/><\/span><strong><span class=\"s1\">Tangar\u00e1 da Serra &#8211; MT<br \/><br \/><\/span><\/strong><\/p>\r\n<h4 class=\"p1\"><span style=\"color: #51b033;\"><strong><span class=\"s1\">\u2022 MINAS GERAIS<br \/><br \/><\/span><\/strong><\/span><\/h4>\r\n<p><span class=\"s1\"><b>BIOTECH &#8211; DISTRIBUIDOR AUTORIZADO<br \/><\/b><\/span><span class=\"s1\">Ana Paula Boroni<br \/><\/span><span class=\"s1\">Tel: +55 (31) 98830-3747 \/ +55 (31) 97136-1343<br \/><\/span><span class=\"s1\">e-mail: <a href=\"mailto:biotechminas@gmail.com\"><span class=\"s2\">biotechminas@gmail.com<\/span><\/a><br \/><\/span><strong><span class=\"s1\">Paraopeba &#8211; MG<\/span><\/strong><\/p>\r\n<p><span class=\"s1\"><strong>Campo Verde &#8211; REVENDA<\/strong><br \/>Ing. Edson Hideki Makino<br \/>Tel: +55 (34) 98883-6871 \/ (34) 99709-9949<br \/>e-mail: <a href=\"mailto:campoverdebiotecnologia@gmail.com\">campoverdebiotecnologia@gmail.com<\/a><br \/><\/span><span class=\"s1\">Rua Sebastiao Dutra Sobrinho, N950. S\u00e30 Benedito, CEP: 38950-000<br \/><strong>Ibi\u00e1 &#8211; MG<\/strong><\/span><\/p>\r\n<p><span class=\"s1\"><b>Efficient Biotecnologia Ambiental &#8211; DISTRIBUIDOR AUTORIZADO<br \/><\/b><\/span><span class=\"s1\">Carlos Sim\u00f5es de Menezes<br \/><\/span><span class=\"s1\">Tel: +55 (34) 98857-5474<br \/><\/span><span class=\"s1\">e-mail: <a href=\"mailto:efficientbiotecnologia@gmail.com\"><span class=\"s2\">efficientbiotecnologia@gmail.com<\/span><\/a><br \/><\/span><strong><span class=\"s1\">Uberl\u00e2ndia &#8211; MG<br \/><br \/>Progresso Agricola &#8211; REVENDA AUTORIZADA<br \/><\/span><\/strong><span class=\"s1\">Ing. Rodrigo Diniz\u00a0<br \/>Tel: +55 (31) 99615-1802 \/ (38) 3821-7110<br \/>e-mail: <a href=\"mailto:rsdagronegocios@hotmail.com\">rsdagronegocios@hotmail.com<\/a><br \/><\/span><span class=\"s1\"><strong>Jana\u00faba &#8211; MG<\/strong><\/span><\/p>\r\n<p><strong>Quatro Folhas Agronegocios &#8211; REVENDA<\/strong><br \/>Tel: Italo +55 (34) 3099-0001<br \/><span class=\"s1\">e-mail: <a href=\"mailto:administrativo@4folhas.agr.br\">administrativo@4folhas.agr.br<\/a><br \/><\/span>Av. General Astolfo Ferreiras Mendes, 1439. Morada do Sol. CEP: 38744-598<br \/><strong>Patrocinio \/ MG<br \/><br \/><\/strong><\/p>\r\n<h4 class=\"p1\"><span style=\"color: #51b033;\"><strong><span class=\"s1\">\u2022 PARAN\u00c1<\/span><\/strong><span class=\"s1\">\u00a0<br \/><br \/><\/span><\/span><\/h4>\r\n<p class=\"p1\"><span class=\"s1\"><b>AMINOEM AGRO LTDA &#8211; DISTRIBUIDOR AUTORIZADO<br \/><\/b><\/span><span class=\"s1\">Jos\u00e9 Roberto Bergamo \/ Nathalia Bergamo<br \/><\/span><span class=\"s1\">Tel: +55 (43) 99178-3175 \/ (43) 99654-5005<br \/><\/span><span class=\"s1\">e-mail: <a href=\"mailto:aminoemagro@gmail.com\">aminoemagro@gmail.com<\/a><br \/><\/span><strong><span class=\"s1\">Londrina &#8211; PR<\/span><\/strong><\/p>\r\n<p class=\"p1\"><span class=\"s1\"><b>Domene, Yamada &#038; Santos Comercial Ltda &#8211; REVENDA<br \/><\/b><\/span><span class=\"s1\">Hamilton Yamada<br \/><\/span><span class=\"s1\">Tel: +55 (43) 3159-3000<br \/><\/span><span class=\"s1\">e-mail: <a href=\"mailto:domene@domene.agr.br\"><span class=\"s2\">domene@domene.agr.br<\/span><\/a><br \/><\/span><strong><span class=\"s1\">Jataizinho &#8211; PR<\/span><\/strong><\/p>\r\n<p class=\"p1\"><b>TechEM Biotecnologia <span class=\"s1\">&#8211; DISTRIBUIDOR AUTORIZADO<\/span><br \/><\/b>Vinicius Bortolini<br \/>Tel: +55 (46) 99111-2626<br \/>e-mail: <a href=\"mailto:vnbortolini@gmail.com\">vnbortolini@gmail.com<\/a><br \/><strong>Vitorino &#8211; PR<br \/><br \/><span class=\"s1\"><b>PARCERIAS AGRICOLAS &#8211; REVENDA AUTORIZADA<br \/><\/b><\/span><\/strong><span class=\"s1\">Marcelo Schoenhals<br \/><\/span><span class=\"s1\">Tel: +55 (45) 98408-3114<br \/><\/span><span class=\"s1\">e-mail: <a href=\"mailto:p.agricolas@outlook.com\">p.agricolas@outlook.com<\/a><br \/><\/span><strong><span class=\"s1\">S\u00e3o Miguel do Igua\u00e7\u00fa &#8211; PR<\/span><\/strong><\/p>\r\n<p>&nbsp;<\/p>\r\n<h4 class=\"p1\"><span style=\"color: #51b033;\"><strong><span class=\"s1\">\u2022 RIO DE JANEIRO<br \/><br \/><\/span><\/strong><\/span><\/h4>\r\n<p><strong>BV Solu\u00e7\u00f5es Sustent\u00e1veis <span class=\"s1\"><b>&#8211; DISTRIBUIDOR AUTORIZADO<\/b><\/span><br \/><\/strong>Bernardo Vieira<br \/>Tel: +55 (24) 98128-0990<br \/>e-mail: <a href=\"mailto:bvsustentabilidade@gmail.com\">bvsustentabilidade@gmail.com<\/a><br \/><strong>Paty do Alferes &#8211; RJ<br \/><br \/><\/strong><\/p>\r\n<h4 class=\"p1\"><span style=\"color: #51b033;\"><strong><span class=\"s1\">\u2022 RIO GRANDE DO SUL<br \/><br \/><\/span><\/strong><\/span><\/h4>\r\n<p><strong>Consultplant &#8211; DISTRIBUIDOR AUTORIZADO<\/strong><br \/>Edinei Ereno<br \/>Tel: +55 (55) 99935-0318\u00a0<br \/>e-mail: <a href=\"mailto:edineime@icloud.com\">edineime@icloud.com<\/a><br \/><strong>Alegrete &#8211; RS<\/strong><\/p>\r\n<p><strong>R.P DARONCH Ltda &#8211; DISTRIBUIDOR AUTORIZADO<br \/><\/strong>Paulo Roberto Daronch<br \/>Tel: +55 (51) 99966-0198<br \/>e-mail: <a href=\"mailto:robertopaulodaronch@gmail.com\">robertopaulodaronch@gmail.com<\/a><br \/><strong>Tapejara &#8211; RS<\/strong><\/p>\r\n<p><strong>Ask Consultoria &#8211; DISTRIBUIDOR AUTORIZADO<br \/><\/strong>\u00c2ngela Miskulin<br \/>Tel: +55 (51) 99913-2883<br \/>e-mail: <a href=\"mailto:askambiental@gmail.com\">askambiental@gmail.com<\/a><br \/><strong>Tramanda\u00ed &#8211; RS<\/strong><\/p>\r\n<p class=\"p1\"><span class=\"s1\"><b>Embiotec <strong>&#8211; DISTRIBUIDOR AUTORIZADO<\/strong><br \/><\/b><\/span><span class=\"s1\">Jaime Schaffer<br \/><\/span><span class=\"s1\">Tel: +55 (55) 99910-3640<br \/><\/span><span class=\"s1\">e-mail: <a href=\"mailto:embiotecrs@gmail.com\">embiotecrs@gmail.com<\/a> <br \/><\/span><strong><span class=\"s1\">Tr\u00eas de Maio &#8211; RS<br \/><br \/><\/span><\/strong><\/p>\r\n<h4 class=\"p1\"><span style=\"color: #51b033;\"><strong><span class=\"s1\">\u2022 ROND\u00d4NIA<\/span><\/strong><\/span><\/h4>\r\n<p class=\"p1\"><span class=\"s1\"><b><br \/>Ecoamazonia Com\u00e9rcio <strong>&#8211; DISTRIBUIDOR AUTORIZADO<\/strong><br \/><\/b><\/span><span class=\"s1\">Ederson Dias \/ Ederson Dias<br \/><\/span><span class=\"s1\">Tel: +55 (69) 99922-2931 \/ (69) 9992-4225<br \/><\/span><span class=\"s1\">e-mail: <a href=\"mailto:ecoamazonia.ltda@gmail.com\"><span class=\"s2\">ecoamazonia.ltda@gmail.com<\/span><\/a><br \/><\/span><span class=\"s1\"><strong>Jar\u00fa &#8211; RO<br \/><\/strong><\/span><\/p>\r\n<h4 class=\"p1\"><span class=\"s1\" style=\"color: #51b033;\"><br \/>\u2022<strong> S\u00c3O PAULO<\/strong><\/span><\/h4>\r\n<p><span class=\"s1\"><b><br \/>InovarAGRO <strong>&#8211; DISTRIBUIDOR AUTORIZADO<\/strong><br \/><\/b><\/span><span class=\"s1\">Rildo Belarmino<br \/><\/span><span class=\"s1\">Tel: +55 (13) 99777-7585<br \/><\/span><span class=\"s1\">e-mail: <a href=\"mailto:rildobio@gmail.com\">inovaragrotec@gmail.com<\/a><br \/><\/span><span class=\"s1\"><strong>Registro &#8211; SP<\/strong><br \/><\/span><\/p>\r\n<p><span class=\"s1\"><b>Estufas Arcos Iris <strong>&#8211; DISTRIBUIDOR AUTORIZADO<\/strong><br \/><\/b><\/span><span class=\"s1\">Tiago Bassetto \/ Paulo Bueno<br \/><\/span><span class=\"s1\">Tel: +55 (14) 3372-7000 \/ 99185-0675 \/ 99673-5751<br \/><\/span><span class=\"s1\">e-mail:\u00a0 <a href=\"mailto:thiago@estufasarcoiris.com.br\">thiago@estufasarcoiris.com.br<\/a><br \/><\/span><strong><span class=\"s1\">Santa Cruz do Rio Pardo &#8211; SP<br \/><br \/><\/span><\/strong><span class=\"s1\"><b>BRASEM Biotecnologia Comercio Ltda <strong>&#8211; DISTRIBUIDOR AUTORIZADO<\/strong><br \/><\/b><\/span><span class=\"s1\">Claudia Damasceno \/ Fernando Damasceno<br \/><\/span><span class=\"s1\">Tel: +55 (19) 99609-1899 \/ (19) 99905-7688<br \/><\/span>e-mail: <a href=\"mailto:fernando@brasembio.com.br\">fernando@brasembio.com.br<\/a> \/ <a href=\"mailto:claudia@brasembio.com.br\">claudia@brasembio.com.br<\/a><br \/><a href=\"http:\/\/www.brasembio.com.br\">www.brasembio.com.br<\/a><br \/><strong>Valinhos &#8211; SP<\/strong><\/p>\r\n<p><strong><span class=\"s1\">LEGACY CONSULTORIA AMBIENTAL &#8211; REVENDA<br \/><\/span><\/strong><span class=\"s1\">Eduardo Hiroshi<br \/><\/span><span class=\"s1\">Tel: +55 (18) 99771-2330<br \/><\/span><span class=\"s1\">e-mail: <a href=\"mailto:ehiroshi@terra.com.br\">ehiroshi@terra.com.br<\/a><br \/><\/span><strong><span class=\"s1\">Presidente Prudente &#8211; SP<br \/><br \/><\/span><\/strong><\/p>\r\n<p><span class=\"s1\" style=\"color: #51b033;\">\u2022<strong> SERGIPE<br \/><br \/><br \/><span class=\"s1\" style=\"color: #000000;\">SERIGY Bioinsumos Ltda &#8211; DISTRIBUIDOR AUTORIZADO<br \/><\/span><\/strong><span class=\"s1\" style=\"color: #000000;\">Vitor Bolis Ruy<\/span><span class=\"s1\" style=\"color: #000000;\"><br \/><\/span><\/span><span class=\"s1\" style=\"color: #51b033;\"><span class=\"s1\" style=\"color: #000000;\">Tel: +55 (27) 99608-1521<br \/>e-mail: <a href=\"mailto:vitorbruy@hotmail.com\">vitorbruy@hotmail.com<\/a><br \/><strong>S\u00e3o Crist\u00f3v\u00e3o &#8211; SE<\/strong><\/span><\/span><\/p>","protected":false},"excerpt":{"rendered":"<p>FABRICANTE AUTORIZADO AMBIEM &#8211; FABRICAIng. Cid Sim\u00f5esRua Araponga, 537. Quadra 2, Lote 10. Loteamento Varandas Tropicais.Lauro de Freitas, Bahia. CEP: 42701-330Tel: +55 (71) 99969-9757e-mail:\u00a0ambiem@em-la.com \u00a0 AUTHORIZED RESELLERS \u2022 BAHIA CEREUS\u00a0 &#8211; DISTRIBUIDOR AUTORIZADOIng. Mariza TartariTel: +55 (71) 99400-8100e-mail: mariza@cereusbr.com.brLauro de Freitas &#8211; BA VIMA AMBIENTAL Ltda &#8211; DISTRIBUIDOR AUTORIZADOManuela Falc\u00e3oTel: +55 (75) 99975-2848e-mail: contato.vima@outlook.comFeira de [&hellip;]<\/p>\n","protected":false},"author":5,"featured_media":402,"parent":100,"menu_order":0,"comment_status":"closed","ping_status":"closed","template":"template-base-aplicacoes.php","meta":{"footnotes":""},"class_list":["post-351","page","type-page","status-publish","has-post-thumbnail","hentry"],"_links":{"self":[{"href":"https:\/\/www.em-la.com\/es\/wp-json\/wp\/v2\/pages\/351","targetHints":{"allow":["GET"]}}],"collection":[{"href":"https:\/\/www.em-la.com\/es\/wp-json\/wp\/v2\/pages"}],"about":[{"href":"https:\/\/www.em-la.com\/es\/wp-json\/wp\/v2\/types\/page"}],"author":[{"embeddable":true,"href":"https:\/\/www.em-la.com\/es\/wp-json\/wp\/v2\/users\/5"}],"replies":[{"embeddable":true,"href":"https:\/\/www.em-la.com\/es\/wp-json\/wp\/v2\/comments?post=351"}],"version-history":[{"count":293,"href":"https:\/\/www.em-la.com\/es\/wp-json\/wp\/v2\/pages\/351\/revisions"}],"predecessor-version":[{"id":1843,"href":"https:\/\/www.em-la.com\/es\/wp-json\/wp\/v2\/pages\/351\/revisions\/1843"}],"up":[{"embeddable":true,"href":"https:\/\/www.em-la.com\/es\/wp-json\/wp\/v2\/pages\/100"}],"wp:featuredmedia":[{"embeddable":true,"href":"https:\/\/www.em-la.com\/es\/wp-json\/wp\/v2\/media\/402"}],"wp:attachment":[{"href":"https:\/\/www.em-la.com\/es\/wp-json\/wp\/v2\/media?parent=351"}],"curies":[{"name":"wp","href":"https:\/\/api.w.org\/{rel}","templated":true}]}}