{"id":473,"date":"2019-05-06T12:09:50","date_gmt":"2019-05-06T15:09:50","guid":{"rendered":"https:\/\/www.em-la.com\/es\/?page_id=473"},"modified":"2025-02-14T11:03:05","modified_gmt":"2025-02-14T14:03:05","slug":"ecuador","status":"publish","type":"page","link":"https:\/\/www.em-la.com\/es\/contatos\/ecuador\/","title":{"rendered":"Ecuador"},"content":{"rendered":"\r\n<pre class=\"wp-block-code\">\u00a0<\/pre>\r\n\r\n<p class=\"p1\"><span style=\"color: #51b033;\"><em><strong><img loading=\"lazy\" decoding=\"async\" class=\"wp-image-1000 alignnone\" src=\"https:\/\/www.em-la.com\/wp-content\/uploads\/2019\/08\/authorized_manufacturer.png\" alt=\"\" width=\"65\" height=\"85\" srcset=\"https:\/\/www.em-la.com\/wp-content\/uploads\/2019\/08\/authorized_manufacturer.png 192w, https:\/\/www.em-la.com\/wp-content\/uploads\/2019\/08\/authorized_manufacturer-24x31.png 24w\" sizes=\"auto, (max-width: 65px) 100vw, 65px\" \/><\/strong><\/em><\/span><\/p>\r\n<p class=\"p1\"><span style=\"color: #51b033;\"><em><strong>FABRICANTE AUTORIZADO<\/strong><\/em><\/span><\/p>\r\n<hr \/>\r\n<p class=\"p1\">\u00a0<\/p>\r\n<p class=\"p1\"><span class=\"s1\"><strong><img loading=\"lazy\" decoding=\"async\" class=\" wp-image-589 alignnone\" src=\"https:\/\/www.em-la.com\/wp-content\/uploads\/2019\/05\/Embioecsa-Ecuador-pdf-300x77.png\" alt=\"\" width=\"210\" height=\"54\" srcset=\"https:\/\/www.em-la.com\/wp-content\/uploads\/2019\/05\/Embioecsa-Ecuador-pdf-300x77.png 300w, https:\/\/www.em-la.com\/wp-content\/uploads\/2019\/05\/Embioecsa-Ecuador-pdf-768x197.png 768w, https:\/\/www.em-la.com\/wp-content\/uploads\/2019\/05\/Embioecsa-Ecuador-pdf-35x9.png 35w, https:\/\/www.em-la.com\/wp-content\/uploads\/2019\/05\/Embioecsa-Ecuador-pdf.png 810w\" sizes=\"auto, (max-width: 210px) 100vw, 210px\" \/><\/strong><\/span><\/p>\r\n<p class=\"p1\"><span class=\"s1\"><b>EMBIOECSA <br \/><\/b><\/span><span class=\"s1\">Ing. Fabi\u00e1n Castillo Pinos<br \/><\/span><span class=\"s1\">Km 3,5 autopista Dur\u00e1n &#8211; Boliche (frente al Paseo Shopping). Dur\u00e1n, Guayas, Ecuador.<br \/><\/span><span class=\"s1\">Tel: +(593) 968096467<br \/><\/span><span class=\"s2\">e-mail: <a href=\"mailto:ggeneral@embioecsa.com\">ggeneral@embioecsa.com<\/a><\/span><\/p>\r\n\r\n<p>&nbsp;<\/p>\r\n","protected":false},"excerpt":{"rendered":"<p>FABRICANTE AUTORIZADO \u00a0 EMBIOECSA Ing. Fabi\u00e1n Castillo PinosKm 3,5 autopista Dur\u00e1n &#8211; Boliche (frente al Paseo Shopping). Dur\u00e1n, Guayas, Ecuador.Tel: +(593) 968096467e-mail: ggeneral@embioecsa.com &nbsp;<\/p>\n","protected":false},"author":4,"featured_media":474,"parent":100,"menu_order":0,"comment_status":"closed","ping_status":"closed","template":"template-base.php","meta":{"footnotes":""},"class_list":["post-473","page","type-page","status-publish","has-post-thumbnail","hentry"],"_links":{"self":[{"href":"https:\/\/www.em-la.com\/es\/wp-json\/wp\/v2\/pages\/473","targetHints":{"allow":["GET"]}}],"collection":[{"href":"https:\/\/www.em-la.com\/es\/wp-json\/wp\/v2\/pages"}],"about":[{"href":"https:\/\/www.em-la.com\/es\/wp-json\/wp\/v2\/types\/page"}],"author":[{"embeddable":true,"href":"https:\/\/www.em-la.com\/es\/wp-json\/wp\/v2\/users\/4"}],"replies":[{"embeddable":true,"href":"https:\/\/www.em-la.com\/es\/wp-json\/wp\/v2\/comments?post=473"}],"version-history":[{"count":26,"href":"https:\/\/www.em-la.com\/es\/wp-json\/wp\/v2\/pages\/473\/revisions"}],"predecessor-version":[{"id":1728,"href":"https:\/\/www.em-la.com\/es\/wp-json\/wp\/v2\/pages\/473\/revisions\/1728"}],"up":[{"embeddable":true,"href":"https:\/\/www.em-la.com\/es\/wp-json\/wp\/v2\/pages\/100"}],"wp:featuredmedia":[{"embeddable":true,"href":"https:\/\/www.em-la.com\/es\/wp-json\/wp\/v2\/media\/474"}],"wp:attachment":[{"href":"https:\/\/www.em-la.com\/es\/wp-json\/wp\/v2\/media?parent=473"}],"curies":[{"name":"wp","href":"https:\/\/api.w.org\/{rel}","templated":true}]}}