{"id":56,"date":"2019-04-17T17:44:41","date_gmt":"2019-04-17T20:44:41","guid":{"rendered":"https:\/\/www.em-la.com\/\/?page_id=56"},"modified":"2023-03-31T16:03:58","modified_gmt":"2023-03-31T19:03:58","slug":"o-que-e-em","status":"publish","type":"page","link":"https:\/\/www.em-la.com\/es\/o-que-e-em\/","title":{"rendered":"\u00bfQu\u00e9 es EM\u2122?"},"content":{"rendered":"<p>La Tecnolog\u00eda EM\u2122 es una herramienta de trabajo que combina conocimientos t\u00e9cnicos espec\u00edficos y probi\u00f3ticos llamados de EM\u2122 (Microorganismos Eficaces).<\/p>\n<p>Esta mezcla de microorganismos y el \u201cknow how\u201d hacen del EM\u2122 un producto \u00fanico en el mercado, disponible en estado l\u00edquido, a temperatura ambiente, con microorganismos viables y listos para entrar en acci\u00f3n. Adem\u00e1s de que no son nocivos, ni pat\u00f3genos, ni gen\u00e9ticamente modificados, ni sintetizados en laboratorio.<\/p>\n<p>Aunado a esto, se trabaja con probi\u00f3ticos naturales muy conocidos, como las levaduras y las bacterias \u00e1cido-l\u00e1cticas que promueven procesos de fermentaci\u00f3n antioxidantes, aceleran los procesos de descomposici\u00f3n de la materia org\u00e1nica y favorecen el equilibrio de la flora microbiana, entre otros beneficios<\/p>\n<p><\/p>\n<p><span style=\"color: #51b033;\"><strong>\u00bfPORQUE USAR NUESTRA TECNOLOG\u00cdA EM\u2122?<\/strong><\/span><\/p>\n<p>\u2192 Certificado por el Dr. Teruo Higa &#8211; EMRO (EM Research Organization).<\/p>\n<p>\u2192 T\u00e9cnica exclusiva e innovadora.<\/p>\n<p>\u2192 No necesita de biof\u00e1brica.<\/p>\n<p>\u2192 Es desarrollado mediante un sencillo proceso que garantiza su calidad y su eficiencia.<\/p>\n<p>\u2192 Todas sus actividades contribuyen directamente en la construcci\u00f3n de una sociedad sustentable.<\/p>\n<p>\u2192 Nuestro grupo realiza donaciones y voluntariado en diversos proyectos socio-ambientales y de desarrollo agr\u00edcola alrededor del mundo.<\/p>\n\n\n<hr class=\"wp-block-separator\"\/>\n\n\n<p><\/p>\n<p><span style=\"color: #51b033;\"><strong>\u00bfC\u00d3MO FUNCIONA LA TECNOLOG\u00cdA EM\u2122?<\/strong><\/span><\/p>\n<p>Es la \u00fanica tecnolog\u00eda probi\u00f3tica que act\u00faa en la correcci\u00f3n biol\u00f3gica del ambiente, ya que reduce enfermedades y promueve el equilibrio de la microbiota.<\/p>\n<p><\/p>\n<ul id=\"mce_26\" class=\"editor-rich-text__tinymce mce-content-body\" role=\"textbox\" contenteditable=\"true\" aria-label=\"Escrever lista...\" aria-autocomplete=\"list\" aria-multiline=\"true\" data-is-placeholder-visible=\"false\">\n<li style=\"text-align: center;\"><span style=\"color: #51b033;\"><strong>Ambiente neutro \/ estable<\/strong><\/span><\/li>\n<\/ul>\n\n\n<div class=\"wp-block-image\"><figure class=\"aligncenter is-resized\"><img loading=\"lazy\" decoding=\"async\" src=\"https:\/\/www.em-la.com\/wp-content\/uploads\/2019\/05\/balanca-neutro_ES-1-1024x721.jpg\" alt=\"\" class=\"wp-image-883\" width=\"550\" height=\"372\"\/><figcaption>Rojo: Microorganismo Pat\u00f3genos<br>Gris: Microorganismos Neutros<br>Verde: Microorganismos Ben\u00e9ficos<\/figcaption><\/figure><\/div>\n\n\n<p>En un ambiente saludable, los microorganismos funcionan como si formaran parte de una balanza natural: 10% son da\u00f1inos, 10% son ben\u00e9ficos y 80% son neutros o facultativos o sea pueden ser ben\u00e9ficos (fermentativos) o da\u00f1inos (oxidativos). La importancia de este \u00faltimo grupo radica en que, aparte de ser el mayoritario, puede recibir la influencia de los dos primeros grupos.<\/p>\n<p>Este balance est\u00e1 presente en todos los sistemas vivos, como en el est\u00f3mago de los seres humanos y animales, en el suelo, en las plantas, en un r\u00edo, en un lago y en el mar.<\/p>\n<p><\/p>\n<ul id=\"mce_22\" class=\"editor-rich-text__tinymce mce-content-body\" role=\"textbox\" contenteditable=\"true\" aria-label=\"Escrever lista...\" aria-autocomplete=\"list\" aria-multiline=\"true\" data-is-placeholder-visible=\"false\">\n<li style=\"text-align: center;\"><span style=\"color: #51b033;\"><strong>Ambiente oxidado \/ enfermo<\/strong><\/span><\/li>\n<\/ul>\n\n\n<div class=\"wp-block-image\"><figure class=\"aligncenter is-resized\"><img decoding=\"async\" src=\"https:\/\/www.em-la.com\/wp-content\/uploads\/2019\/05\/balanca-doente_ES-1-1024x721.jpg\" alt=\"\" class=\"wp-image-888\" width=\"550\" srcset=\"https:\/\/www.em-la.com\/wp-content\/uploads\/2019\/05\/balanca-doente_ES-1-1024x721.jpg 1024w, https:\/\/www.em-la.com\/wp-content\/uploads\/2019\/05\/balanca-doente_ES-1-300x211.jpg 300w, https:\/\/www.em-la.com\/wp-content\/uploads\/2019\/05\/balanca-doente_ES-1-768x541.jpg 768w, https:\/\/www.em-la.com\/wp-content\/uploads\/2019\/05\/balanca-doente_ES-1-35x25.jpg 35w, https:\/\/www.em-la.com\/wp-content\/uploads\/2019\/05\/balanca-doente_ES-1.jpg 2000w\" sizes=\"(max-width: 1024px) 100vw, 1024px\" \/><figcaption>Rojo: Microorganismo Pat\u00f3genos<br>Gris: Microorganismos Neutros<br>Verde: Microorganismos Ben\u00e9ficos<\/figcaption><\/figure><\/div>\n\n\n<p>Cuando ocurre un desequilibrio, sea natural o provocado por el ser humano como es el caso de las aguas residuales, contaminaci\u00f3n con agroqu\u00edmicos,&nbsp; exceso de mecanizaci\u00f3n y hasta la alimentaci\u00f3n con comida en mal estado, la presencia de agentes o condiciones oxidantes favorece la proliferaci\u00f3n de microorganismos da\u00f1inos. En este proceso de multiplicaci\u00f3n, los microorganismos neutros son inducidos a seguir a los da\u00f1inos, a tal punto que la balanza se inclina hacia el grupo oxidativo (nocivo), donde las enfermedades se desarrollan f\u00e1cilmente.<\/p>\n<p>Cuando el desequilibrio se establece, el ambiente queda enfermo, hay malos olores, hay producci\u00f3n de gases nocivos y sustancias t\u00f3xicas. Ejemplo de esto es cuando ingerimos un alimento en mal estado y, posteriormente, sentimos malestar estomacal. Esto significa que nuestra balanza interna est\u00e1 favoreciendo los microorganismos nocivos.<\/p>\n<p><\/p>\n<ul id=\"mce_18\" class=\"editor-rich-text__tinymce mce-content-body\" role=\"textbox\" contenteditable=\"true\" aria-label=\"Escrever lista...\" aria-autocomplete=\"list\" aria-multiline=\"true\" data-is-placeholder-visible=\"false\">\n<li style=\"text-align: center;\"><strong><span style=\"color: #51b033;\"> Ambiente antioxidado \/ saludable<\/span> <\/strong><\/li>\n<\/ul>\n\n\n<div class=\"wp-block-image\"><figure class=\"aligncenter is-resized\"><img decoding=\"async\" src=\"https:\/\/www.em-la.com\/wp-content\/uploads\/2019\/05\/balanca-saudavel_ES-1-1024x721.jpg\" alt=\"\" class=\"wp-image-885\" width=\"550\" srcset=\"https:\/\/www.em-la.com\/wp-content\/uploads\/2019\/05\/balanca-saudavel_ES-1-1024x721.jpg 1024w, https:\/\/www.em-la.com\/wp-content\/uploads\/2019\/05\/balanca-saudavel_ES-1-300x211.jpg 300w, https:\/\/www.em-la.com\/wp-content\/uploads\/2019\/05\/balanca-saudavel_ES-1-768x541.jpg 768w, https:\/\/www.em-la.com\/wp-content\/uploads\/2019\/05\/balanca-saudavel_ES-1-35x25.jpg 35w, https:\/\/www.em-la.com\/wp-content\/uploads\/2019\/05\/balanca-saudavel_ES-1.jpg 2000w\" sizes=\"(max-width: 1024px) 100vw, 1024px\" \/><figcaption>Rojo: Microorganismo Pat\u00f3genos<br>Gris: Microorganismos Neutros<br>Verde: Microorganismos Ben\u00e9ficos<\/figcaption><\/figure><\/div>\n\n\n<p>Contrario a lo anterior, la Tecnolog\u00eda EM\u2122 induce a los microorganismos neutros a trabajar como microorganismos ben\u00e9ficos. A esta acci\u00f3n se le conoce como efecto PROBI\u00d3TICO pues con la aplicaci\u00f3n de los productos de la Tecnolog\u00eda EM\u2122 en el suelo, en el medio ambiente, e incluso, en el sistema digestivo de los animales mediante la alimentaci\u00f3n, se establece un ambiente fermentativo, antioxidante y saludable que impide la producci\u00f3n de gases malolientes y de sustancias nocivas que favorecen la s\u00edntesis de sustancias ben\u00e9ficas que colaboran con la preservaci\u00f3n y la revitalizaci\u00f3n del medio. Este efecto probi\u00f3tico puede ocurrir en el suelo, en las plantas y en los animales.<\/p>","protected":false},"excerpt":{"rendered":"<p>La Tecnolog\u00eda EM\u2122 es una herramienta de trabajo que combina conocimientos t\u00e9cnicos espec\u00edficos y probi\u00f3ticos llamados de EM\u2122 (Microorganismos Eficaces). Esta mezcla de microorganismos y el \u201cknow how\u201d hacen del EM\u2122 un producto \u00fanico en el mercado, disponible en estado l\u00edquido, a temperatura ambiente, con microorganismos viables y listos para entrar en acci\u00f3n. Adem\u00e1s de [&hellip;]<\/p>\n","protected":false},"author":1,"featured_media":240,"parent":0,"menu_order":0,"comment_status":"closed","ping_status":"closed","template":"template-base.php","meta":{"footnotes":""},"class_list":["post-56","page","type-page","status-publish","has-post-thumbnail","hentry"],"_links":{"self":[{"href":"https:\/\/www.em-la.com\/es\/wp-json\/wp\/v2\/pages\/56","targetHints":{"allow":["GET"]}}],"collection":[{"href":"https:\/\/www.em-la.com\/es\/wp-json\/wp\/v2\/pages"}],"about":[{"href":"https:\/\/www.em-la.com\/es\/wp-json\/wp\/v2\/types\/page"}],"author":[{"embeddable":true,"href":"https:\/\/www.em-la.com\/es\/wp-json\/wp\/v2\/users\/1"}],"replies":[{"embeddable":true,"href":"https:\/\/www.em-la.com\/es\/wp-json\/wp\/v2\/comments?post=56"}],"version-history":[{"count":34,"href":"https:\/\/www.em-la.com\/es\/wp-json\/wp\/v2\/pages\/56\/revisions"}],"predecessor-version":[{"id":1646,"href":"https:\/\/www.em-la.com\/es\/wp-json\/wp\/v2\/pages\/56\/revisions\/1646"}],"wp:featuredmedia":[{"embeddable":true,"href":"https:\/\/www.em-la.com\/es\/wp-json\/wp\/v2\/media\/240"}],"wp:attachment":[{"href":"https:\/\/www.em-la.com\/es\/wp-json\/wp\/v2\/media?parent=56"}],"curies":[{"name":"wp","href":"https:\/\/api.w.org\/{rel}","templated":true}]}}