{"id":64,"date":"2019-04-18T10:08:56","date_gmt":"2019-04-18T13:08:56","guid":{"rendered":"https:\/\/www.em-la.com\/\/?page_id=64"},"modified":"2023-03-31T16:00:57","modified_gmt":"2023-03-31T19:00:57","slug":"agricultura","status":"publish","type":"page","link":"https:\/\/www.em-la.com\/es\/aplicacoes-e-uso\/agricultura\/","title":{"rendered":"Agricultura"},"content":{"rendered":"<p><br \/><br \/><\/p>\n<p><span style=\"color: #51b033;\"><strong>COMPOSTAJE DE RESIDUOS ORG\u00c1NICOS<\/strong><\/span><\/p>\n<p><strong><span style=\"color: #669933;\">\u2022<\/span><\/strong> Acelera el proceso de fermentaci\u00f3n de los res\u00edduos org\u00e1nicos.<\/p>\n<p><strong><span style=\"color: #669933;\">\u2022<\/span><\/strong> Aumenta la disponibilidad de los nutrientes, principalmente nitr\u00f3geno y f\u00f3sforo.<\/p>\n<p><strong><span style=\"color: #669933;\">\u2022<\/span><\/strong> Acelera la conversi\u00f3n de la materia org\u00e1nica en humus.<\/p>\n<p><strong><span style=\"color: #669933;\">\u2022<\/span><\/strong> Enriquece el material con microorganismos ben\u00e9ficos de procedencia conocida y confiable.<\/p>\n<p><strong><span style=\"color: #669933;\">\u2022<\/span><\/strong> Reduce el costo de transporte de los residuos para el campo, ya que disminuye el volumen.<\/p>\n<p><strong><span style=\"color: #669933;\">\u2022<\/span><\/strong> Proceso inodoro y sin presencia de insectos.<\/p>\n<p><strong><span style=\"color: #669933;\">\u2022<\/span><\/strong> Optimiza el espacio f\u00edsico y uso de maquinarias.<\/p>\n\n<p>\u00a0<\/p>\n<p><span style=\"color: #51b033;\"><strong>ACONDICIONAMIENTO Y MEJORAMIENTO DE SUELOS<\/strong><\/span><\/p>\n<p><strong><span style=\"color: #669933;\">\u2022<\/span><\/strong> Acelera la descomposici\u00f3n natural de los rastrojos de la cosecha dejados en el campo.<\/p>\n<p><strong><span style=\"color: #669933;\">\u2022<\/span><\/strong> Promueve la formaci\u00f3n de agregados en el suelo y aumenta la resistencia contra la compactaci\u00f3n.<\/p>\n<p><strong><span style=\"color: #669933;\">\u2022<\/span><\/strong> Aumenta la viabilidad y disponibilidad de los nutrientes en el suelo.<\/p>\n<p><strong><span style=\"color: #669933;\">\u2022<\/span><\/strong> Ayuda a mejorar la estructura y porosidad del suelo.<\/p>\n<p><strong><span style=\"color: #669933;\">\u2022<\/span><\/strong>\u00a0Maximiza la conversi\u00f3n de materia org\u00e1nica en humus.<\/p>\n<p><strong><span style=\"color: #669933;\">\u2022<\/span><\/strong>\u00a0Promueve la correcci\u00f3n biol\u00f3gica del suelo ayudando a suprimir los microorganismos causantes de enfermedades y plagas como los nem\u00e1todos.<\/p>\n\n<p>\u00a0<\/p>\n<p><span style=\"color: #51b033;\"><strong>SEMILLEROS, TRANSPLANTE Y SIEMBRA DIRECTA<\/strong><\/span><\/p>\n<p><strong><span style=\"color: #669933;\">\u2022<\/span><\/strong> Reducci\u00f3n del tiempo de germinaci\u00f3n.<\/p>\n<p><strong><span style=\"color: #669933;\">\u2022<\/span><\/strong> Aumento del porcentaje de germinaci\u00f3n de las semillas.<\/p>\n<p><strong><span style=\"color: #669933;\">\u2022<\/span><\/strong> Aumento del vigor y crecimiento.<\/p>\n<p><strong><span style=\"color: #669933;\">\u2022<\/span><\/strong> Incremento de las probabilidades de supervivencia.<\/p>\n\n<p><br \/><br \/><\/p>\n<p><span style=\"color: #51b033;\"><strong>SANIDADE DE LAS PLANTAS<\/strong><\/span><\/p>\n<p><strong><span style=\"color: #669933;\">\u2022<\/span><\/strong> Aumenta la resistencia natural de las plantas contra plagas y enfermedades.<\/p>\n<p><strong><span style=\"color: #669933;\">\u2022<\/span><\/strong> Mejora el aspecto visual de las plantas (color, tama\u00f1o, estructura)<\/p>\n\n<p>\u00a0<\/p>\n<p><span style=\"color: #51b033;\"><strong>HIDROPON\u00cdA<\/strong><\/span><\/p>\n<p><strong><span style=\"color: #669933;\">\u2022<\/span><\/strong> Ayuda a mantener limpio el sistema de tuber\u00edas.<\/p>\n<p><strong><span style=\"color: #669933;\">\u2022<\/span><\/strong> Mejora el enraizamiento de las plantas.<\/p>\n<p><strong><span style=\"color: #669933;\">\u2022<\/span><\/strong> Mejora el crecimiento de las plantas.<\/p>\n<p><strong><span style=\"color: #669933;\">\u2022<\/span><\/strong> Mejora el color y la textura de las hojas.<\/p>\n<p><strong><span style=\"color: #669933;\">\u2022<\/span><\/strong> Aumenta, significativamente, la vida \u00fatil del producto en la g\u00f3ndola, principalmente de hojas (lechuga, albahaca, ar\u00fagula, etc.)<\/p>\n<p><strong><span style=\"color: #669933;\">\u2022<\/span><\/strong> Ayuda a controlar enfermedades y plagas.<\/p>\n\n\n<h4 class=\"wp-block-heading\"><em>Es seguro, f\u00e1cil de usar y de bajo costo. \u00a1Es sustentable!<\/em><\/h4>\n","protected":false},"excerpt":{"rendered":"<p>COMPOSTAJE DE RESIDUOS ORG\u00c1NICOS \u2022 Acelera el proceso de fermentaci\u00f3n de los res\u00edduos org\u00e1nicos. \u2022 Aumenta la disponibilidad de los nutrientes, principalmente nitr\u00f3geno y f\u00f3sforo. \u2022 Acelera la conversi\u00f3n de la materia org\u00e1nica en humus. \u2022 Enriquece el material con microorganismos ben\u00e9ficos de procedencia conocida y confiable. \u2022 Reduce el costo de transporte de los [&hellip;]<\/p>\n","protected":false},"author":1,"featured_media":123,"parent":61,"menu_order":0,"comment_status":"closed","ping_status":"closed","template":"template-base-aplicacoes.php","meta":{"footnotes":""},"class_list":["post-64","page","type-page","status-publish","has-post-thumbnail","hentry"],"_links":{"self":[{"href":"https:\/\/www.em-la.com\/es\/wp-json\/wp\/v2\/pages\/64","targetHints":{"allow":["GET"]}}],"collection":[{"href":"https:\/\/www.em-la.com\/es\/wp-json\/wp\/v2\/pages"}],"about":[{"href":"https:\/\/www.em-la.com\/es\/wp-json\/wp\/v2\/types\/page"}],"author":[{"embeddable":true,"href":"https:\/\/www.em-la.com\/es\/wp-json\/wp\/v2\/users\/1"}],"replies":[{"embeddable":true,"href":"https:\/\/www.em-la.com\/es\/wp-json\/wp\/v2\/comments?post=64"}],"version-history":[{"count":90,"href":"https:\/\/www.em-la.com\/es\/wp-json\/wp\/v2\/pages\/64\/revisions"}],"predecessor-version":[{"id":1643,"href":"https:\/\/www.em-la.com\/es\/wp-json\/wp\/v2\/pages\/64\/revisions\/1643"}],"up":[{"embeddable":true,"href":"https:\/\/www.em-la.com\/es\/wp-json\/wp\/v2\/pages\/61"}],"wp:featuredmedia":[{"embeddable":true,"href":"https:\/\/www.em-la.com\/es\/wp-json\/wp\/v2\/media\/123"}],"wp:attachment":[{"href":"https:\/\/www.em-la.com\/es\/wp-json\/wp\/v2\/media?parent=64"}],"curies":[{"name":"wp","href":"https:\/\/api.w.org\/{rel}","templated":true}]}}