{"id":67,"date":"2019-04-18T10:23:43","date_gmt":"2019-04-18T13:23:43","guid":{"rendered":"https:\/\/www.em-la.com\/\/?page_id=67"},"modified":"2023-03-31T16:02:03","modified_gmt":"2023-03-31T19:02:03","slug":"producao-animal","status":"publish","type":"page","link":"https:\/\/www.em-la.com\/es\/aplicacoes-e-uso\/producao-animal\/","title":{"rendered":"Producci\u00f3n Animal"},"content":{"rendered":"<p>\u00a0<\/p>\n<p><span style=\"color: #51b033;\"><strong>ACUICULTURA<\/strong><\/span><\/p>\n<p><strong><span style=\"color: #669933;\">\u2022<\/span><\/strong> Mejora significativamente la calidad del agua como la turbiedad, ox\u00edgeno disuelto y pH.<\/p>\n<p><strong><span style=\"color: #669933;\">\u2022<\/span><\/strong> Reduce eficientemente la producci\u00f3n de gases nocivos como amon\u00edaco, gas sulfh\u00eddrico y el metano.<\/p>\n<p><strong><span style=\"color: #669933;\">\u2022<\/span><\/strong> Reduce significativamente el lodo sedimentado en los tanques.<\/p>\n<p><strong><span style=\"color: #669933;\">\u2022<\/span><\/strong> Reduce la presencia de microorganismos pat\u00f3genos en el agua y en el suelo, as\u00ed ayuda a controlar el Vibrio y la mancha blanca en camar\u00f3n.<\/p>\n<p><strong><span style=\"color: #669933;\">\u2022<\/span><\/strong> Reduce la necesidad del uso de productos qu\u00edmicos, como antibi\u00f3ticos y cal.<\/p>\n<p><strong><span style=\"color: #669933;\">\u2022<\/span><\/strong> Ayuda a disminuir los \u00edndices de mortalidad.<\/p>\n<p><strong><span style=\"color: #669933;\">\u2022<\/span><\/strong> Aumenta el rendimiento y la densidad del cultivo.<\/p>\n<p><strong><span style=\"color: #669933;\">\u2022<\/span><\/strong> Con el mejoramiento de la flora intestinal, aumenta la conversi\u00f3n alimenticia y disminuye el tiempo de producci\u00f3n.<\/p>\n<p><strong><span style=\"color: #669933;\">\u2022<\/span><\/strong> Mejora la calidad de la producci\u00f3n.<\/p>\n<p><strong><span style=\"color: #669933;\">\u2022<\/span><\/strong> Permite una producci\u00f3n m\u00e1s saludable, limpia y sin impactos ambientales.<\/p>\n<p>\u00a0<\/p>\n<p><span style=\"color: #51b033;\"><strong>GRANJAS<\/strong><\/span><\/p>\n<p><strong><span style=\"color: #669933;\">\u2022<\/span><\/strong> En el agua para consumo animal, mejora la calidad microbiol\u00f3gica y la enriquece con substancias ben\u00e9ficas como amino\u00e1cidos, vitaminas y enzimas.<\/p>\n<p><strong><span style=\"color: #669933;\">\u2022<\/span><\/strong> Elimina el mal olor de las excretas e instalaciones.<\/p>\n<p><strong><span style=\"color: #669933;\">\u2022<\/span><\/strong> Equilibra la microflora intestinal de los animales y, consecuentemente, mejora la conversi\u00f3n alimenticia y el aumento de peso.<\/p>\n<p><strong><span style=\"color: #669933;\">\u2022<\/span><\/strong> Disminuye el uso de antibi\u00f3ticos.<\/p>\n<p><strong><span style=\"color: #669933;\">\u2022<\/span><\/strong> Disminuye el aparecimiento de diarreas.<\/p>\n<p><strong><span style=\"color: #669933;\">\u2022<\/span><\/strong> Disminuye el indice de mortalidad.<\/p>\n<p><strong><span style=\"color: #669933;\">\u2022<\/span><\/strong> Reduce expresivamente las enfermedades respiratorias al disminuir la presencia de amon\u00edaco y gas sulfh\u00eddrico.<\/p>\n<p><strong><span style=\"color: #669933;\">\u2022<\/span><\/strong> Mejora el bien estar animal.<\/p>\n<p><strong><span style=\"color: #669933;\">\u2022<\/span><\/strong> Ayuda a mejorar la calidad de la carne, de la leche y de los huevos.<\/p>\n<p>\u00a0<\/p>\n<p><span style=\"color: #51b033;\"><strong>PECUARIA<\/strong><\/span><\/p>\n<p><strong><span style=\"color: #669933;\">\u2022<\/span><\/strong> Disminuye la producci\u00f3n de metano estomacal en el ganado y, consecuentemente, los animales se alimentan mejor.<\/p>\n<p><strong><span style=\"color: #669933;\">\u2022<\/span><\/strong> Suprime el mal olor de las instalaciones y de los excrementos del ganado.<\/p>\n<p><strong><span style=\"color: #669933;\">\u2022<\/span><\/strong> Disminuye la incidencia de moscas, garrapatas y otros insectos indeseables.<\/p>\n<p><strong><span style=\"color: #669933;\">\u2022<\/span><\/strong> Mejora significativamente la salud de los animales, como por ejemplo, disminuci\u00f3n de mastitis y diarreas.<\/p>\n<p><strong><span style=\"color: #669933;\">\u2022<\/span><\/strong> Reduce la necesidad de medicinas, antibi\u00f3ticos y desinfectantes.<\/p>\n<p><strong><span style=\"color: #669933;\">\u2022<\/span><\/strong> Reduce los factores de \u201cstress\u201d del animal, ayudando a reforzar el sistema inmunol\u00f3gico contra enfermedades.<\/p>\n<p><strong><span style=\"color: #669933;\">\u2022<\/span><\/strong> En animales de exposici\u00f3n se puede notar un mejoramiento del pelo y las pezu\u00f1as, etc.<\/p>\n<p><strong><span style=\"color: #669933;\">\u2022<\/span><\/strong> Usado como aditivo en el suplemento alimenticio,\u00a0 mejora la digesti\u00f3n y el aprovechamiento de los minerales, consecuentemente, mejora la conversi\u00f3n alimenticia y la ganancia de peso.<\/p>\n<p><strong><span style=\"color: #669933;\">\u2022<\/span><\/strong> En el agua, para consumo animal, mejora la calidad microbiol\u00f3gica y la enriquece con substancias ben\u00e9ficas como amino\u00e1cidos, vitaminas y enzimas.<\/p>\n\n\n<h4 class=\"wp-block-heading\" id=\"mce_0\"><em>Es seguro, f\u00e1cil de usar y de bajo costo. \u00a1Es sustentable!<\/em><\/h4>\n","protected":false},"excerpt":{"rendered":"<p>\u00a0 ACUICULTURA \u2022 Mejora significativamente la calidad del agua como la turbiedad, ox\u00edgeno disuelto y pH. \u2022 Reduce eficientemente la producci\u00f3n de gases nocivos como amon\u00edaco, gas sulfh\u00eddrico y el metano. \u2022 Reduce significativamente el lodo sedimentado en los tanques. \u2022 Reduce la presencia de microorganismos pat\u00f3genos en el agua y en el suelo, as\u00ed [&hellip;]<\/p>\n","protected":false},"author":1,"featured_media":145,"parent":61,"menu_order":0,"comment_status":"closed","ping_status":"closed","template":"template-base-aplicacoes.php","meta":{"footnotes":""},"class_list":["post-67","page","type-page","status-publish","has-post-thumbnail","hentry"],"_links":{"self":[{"href":"https:\/\/www.em-la.com\/es\/wp-json\/wp\/v2\/pages\/67","targetHints":{"allow":["GET"]}}],"collection":[{"href":"https:\/\/www.em-la.com\/es\/wp-json\/wp\/v2\/pages"}],"about":[{"href":"https:\/\/www.em-la.com\/es\/wp-json\/wp\/v2\/types\/page"}],"author":[{"embeddable":true,"href":"https:\/\/www.em-la.com\/es\/wp-json\/wp\/v2\/users\/1"}],"replies":[{"embeddable":true,"href":"https:\/\/www.em-la.com\/es\/wp-json\/wp\/v2\/comments?post=67"}],"version-history":[{"count":51,"href":"https:\/\/www.em-la.com\/es\/wp-json\/wp\/v2\/pages\/67\/revisions"}],"predecessor-version":[{"id":1647,"href":"https:\/\/www.em-la.com\/es\/wp-json\/wp\/v2\/pages\/67\/revisions\/1647"}],"up":[{"embeddable":true,"href":"https:\/\/www.em-la.com\/es\/wp-json\/wp\/v2\/pages\/61"}],"wp:featuredmedia":[{"embeddable":true,"href":"https:\/\/www.em-la.com\/es\/wp-json\/wp\/v2\/media\/145"}],"wp:attachment":[{"href":"https:\/\/www.em-la.com\/es\/wp-json\/wp\/v2\/media?parent=67"}],"curies":[{"name":"wp","href":"https:\/\/api.w.org\/{rel}","templated":true}]}}