{"id":74,"date":"2019-04-18T10:33:35","date_gmt":"2019-04-18T13:33:35","guid":{"rendered":"https:\/\/www.em-la.com\/\/?page_id=74"},"modified":"2019-08-13T20:44:34","modified_gmt":"2019-08-13T23:44:34","slug":"consumo-humano","status":"publish","type":"page","link":"https:\/\/www.em-la.com\/es\/aplicacoes-e-uso\/consumo-humano\/","title":{"rendered":"Consumo Humano"},"content":{"rendered":"<p>Con el avance de las investigaciones de EMRO, en Jap\u00f3n, se lleg\u00f3 a nuevos descubrimientos y nuevos usos de la Tecnolog\u00eda EM\u2122 que posibilitan el consumo de nuestro probi\u00f3tico para cuidar la salud humana. Nuevos productos que incorporan el EM\u2122 han sido lanzados al mercado y est\u00e1n disponibles en algunos pa\u00edses de Am\u00e9rica, como Per\u00fa, Estados Unidos y, pr\u00f3ximamente, en Brasil.<\/p>\n<p>Estados Unidos<br \/>\n<a href=\"http:\/\/www.teraganix.com\/PRO-EM-1-16oz-p\/2004.htm\" target=\"_blank\" rel=\"noopener noreferrer\">http:\/\/www.teraganix.com\/PRO-EM-1-16oz-p\/2004.htm<\/a><\/p>\n<p>Per\u00fa<br \/>\n<a href=\"http:\/\/www.proem1probiotico.com\/\" target=\"_blank\" rel=\"noopener noreferrer\">http:\/\/www.proem1probiotico.com\/<\/a><\/p>\n<p>Entre en contacto para m\u00e1s detalles.<\/p>\n","protected":false},"excerpt":{"rendered":"<p>Con el avance de las investigaciones de EMRO, en Jap\u00f3n, se lleg\u00f3 a nuevos descubrimientos y nuevos usos de la Tecnolog\u00eda EM\u2122 que posibilitan el consumo de nuestro probi\u00f3tico para cuidar la salud humana. Nuevos productos que incorporan el EM\u2122 han sido lanzados al mercado y est\u00e1n disponibles en algunos pa\u00edses de Am\u00e9rica, como Per\u00fa, [&hellip;]<\/p>\n","protected":false},"author":1,"featured_media":201,"parent":61,"menu_order":0,"comment_status":"closed","ping_status":"closed","template":"template-base-aplicacoes.php","meta":{"footnotes":""},"class_list":["post-74","page","type-page","status-publish","has-post-thumbnail","hentry"],"_links":{"self":[{"href":"https:\/\/www.em-la.com\/es\/wp-json\/wp\/v2\/pages\/74","targetHints":{"allow":["GET"]}}],"collection":[{"href":"https:\/\/www.em-la.com\/es\/wp-json\/wp\/v2\/pages"}],"about":[{"href":"https:\/\/www.em-la.com\/es\/wp-json\/wp\/v2\/types\/page"}],"author":[{"embeddable":true,"href":"https:\/\/www.em-la.com\/es\/wp-json\/wp\/v2\/users\/1"}],"replies":[{"embeddable":true,"href":"https:\/\/www.em-la.com\/es\/wp-json\/wp\/v2\/comments?post=74"}],"version-history":[{"count":30,"href":"https:\/\/www.em-la.com\/es\/wp-json\/wp\/v2\/pages\/74\/revisions"}],"predecessor-version":[{"id":1195,"href":"https:\/\/www.em-la.com\/es\/wp-json\/wp\/v2\/pages\/74\/revisions\/1195"}],"up":[{"embeddable":true,"href":"https:\/\/www.em-la.com\/es\/wp-json\/wp\/v2\/pages\/61"}],"wp:featuredmedia":[{"embeddable":true,"href":"https:\/\/www.em-la.com\/es\/wp-json\/wp\/v2\/media\/201"}],"wp:attachment":[{"href":"https:\/\/www.em-la.com\/es\/wp-json\/wp\/v2\/media?parent=74"}],"curies":[{"name":"wp","href":"https:\/\/api.w.org\/{rel}","templated":true}]}}