{"id":78,"date":"2019-04-18T10:35:23","date_gmt":"2019-04-18T13:35:23","guid":{"rendered":"https:\/\/www.em-la.com\/\/?page_id=78"},"modified":"2019-08-13T21:11:23","modified_gmt":"2019-08-14T00:11:23","slug":"vida-cotidiana","status":"publish","type":"page","link":"https:\/\/www.em-la.com\/es\/aplicacoes-e-uso\/vida-cotidiana\/","title":{"rendered":"Vida Cotidiana"},"content":{"rendered":"<p>\u00a0<\/p>\n<p><span style=\"color: #51c033;\"><strong>DOM\u00c9STICO, RESTAURANTES Y CONDOMINIOS<\/strong><\/span><\/p>\n<p><strong><span style=\"color: #669933;\">\u2022<\/span><\/strong> Elimina malos olores en las tuber\u00edas, desag\u00fces, fosas s\u00e9pticas, trampas de grasa, etc.<\/p>\n<p><strong><span style=\"color: #669933;\">\u2022<\/span><\/strong> Reduce la presencia de insectos y roedores.<\/p>\n<p><strong><span style=\"color: #669933;\">\u2022<\/span><\/strong> Disminuye la necesidad de limpieza y mantenimiento, principalmente, de fosas s\u00e9pticas y trampas de grasa.<\/p>\n<p>\u00a0<\/p>\n<p>\u00a0<\/p>\n\n\n<h4 class=\"wp-block-heading\" id=\"mce_0\"><em>Es seguro, f\u00e1cil de usar y de bajo costo. \u00a1Es sustentable!<\/em><br><\/h4>\n","protected":false},"excerpt":{"rendered":"<p>\u00a0 DOM\u00c9STICO, RESTAURANTES Y CONDOMINIOS \u2022 Elimina malos olores en las tuber\u00edas, desag\u00fces, fosas s\u00e9pticas, trampas de grasa, etc. \u2022 Reduce la presencia de insectos y roedores. \u2022 Disminuye la necesidad de limpieza y mantenimiento, principalmente, de fosas s\u00e9pticas y trampas de grasa. \u00a0 \u00a0 Es seguro, f\u00e1cil de usar y de bajo costo. \u00a1Es [&hellip;]<\/p>\n","protected":false},"author":1,"featured_media":148,"parent":61,"menu_order":0,"comment_status":"closed","ping_status":"closed","template":"template-base-aplicacoes.php","meta":{"footnotes":""},"class_list":["post-78","page","type-page","status-publish","has-post-thumbnail","hentry"],"_links":{"self":[{"href":"https:\/\/www.em-la.com\/es\/wp-json\/wp\/v2\/pages\/78","targetHints":{"allow":["GET"]}}],"collection":[{"href":"https:\/\/www.em-la.com\/es\/wp-json\/wp\/v2\/pages"}],"about":[{"href":"https:\/\/www.em-la.com\/es\/wp-json\/wp\/v2\/types\/page"}],"author":[{"embeddable":true,"href":"https:\/\/www.em-la.com\/es\/wp-json\/wp\/v2\/users\/1"}],"replies":[{"embeddable":true,"href":"https:\/\/www.em-la.com\/es\/wp-json\/wp\/v2\/comments?post=78"}],"version-history":[{"count":24,"href":"https:\/\/www.em-la.com\/es\/wp-json\/wp\/v2\/pages\/78\/revisions"}],"predecessor-version":[{"id":1198,"href":"https:\/\/www.em-la.com\/es\/wp-json\/wp\/v2\/pages\/78\/revisions\/1198"}],"up":[{"embeddable":true,"href":"https:\/\/www.em-la.com\/es\/wp-json\/wp\/v2\/pages\/61"}],"wp:featuredmedia":[{"embeddable":true,"href":"https:\/\/www.em-la.com\/es\/wp-json\/wp\/v2\/media\/148"}],"wp:attachment":[{"href":"https:\/\/www.em-la.com\/es\/wp-json\/wp\/v2\/media?parent=78"}],"curies":[{"name":"wp","href":"https:\/\/api.w.org\/{rel}","templated":true}]}}