{"id":81,"date":"2019-04-18T10:36:16","date_gmt":"2019-04-18T13:36:16","guid":{"rendered":"https:\/\/www.em-la.com\/\/?page_id=81"},"modified":"2019-08-13T20:05:01","modified_gmt":"2019-08-13T23:05:01","slug":"industria","status":"publish","type":"page","link":"https:\/\/www.em-la.com\/es\/aplicacoes-e-uso\/industria\/","title":{"rendered":"Industria"},"content":{"rendered":"<p><span style=\"color: #51b033;\"><strong>TRATAMIENTO DE EFLUENTES<\/strong><\/span><\/p>\n<p><strong><span style=\"color: #669933;\">\u2022<\/span><\/strong> Reduce eficazmente el mal olor del sistema.<\/p>\n<p><strong><span style=\"color: #669933;\">\u2022<\/span><\/strong> Digiere r\u00e1pidamente la materia org\u00e1nica, consecuentemente, reduce el DBO y DQO.<\/p>\n<p><strong><span style=\"color: #669933;\">\u2022<\/span><\/strong> Reduce la concentraci\u00f3n de coliformes.<\/p>\n<p><strong><span style=\"color: #669933;\">\u2022<\/span><\/strong> Reduce gases nocivos como el amon\u00edaco, el gas sulfh\u00eddrico y el mercaptano.<\/p>\n<p><strong><span style=\"color: #669933;\">\u2022<\/span><\/strong> Reduce, significativamente, el lodo sedimentado.<\/p>\n<p><strong><span style=\"color: #669933;\">\u2022<\/span><\/strong> Reduce el consumo de uso de productos qu\u00edmicos.<\/p>\n<p><strong><span style=\"color: #669933;\">\u2022<\/span><\/strong> Disminuye los costos operacionales del sistema.<\/p>\n<p><strong><span style=\"color: #669933;\">\u2022<\/span><\/strong> Aumenta la capacidad de tratamiento.<\/p>\n<p><strong><span style=\"color: #669933;\">\u2022<\/span><\/strong> Mejora expresivamente los par\u00e1metros de eficiencia.<\/p>\n<p><strong><span style=\"color: #669933;\">\u2022<\/span><\/strong> Limpia el sistema dej\u00e1ndolo siempre eficiente.<\/p>\n<p><strong><span style=\"color: #669933;\">\u2022<\/span><\/strong> Ayuda a mejorar la calidad del agua en el cuerpo receptor.<\/p>\n<p><strong><span style=\"color: #669933;\">\u2022<\/span><\/strong> Permite la reutilizaci\u00f3n del agua tratada al eliminar olores, gases nocivos y coliformes.<\/p>\n<p><strong><span style=\"color: #669933;\">\u2022<\/span><\/strong> Es eficiente en la recuperaci\u00f3n de lagunas y eliminaci\u00f3n de la colmataci\u00f3n.<\/p>\n\n\n<h4 class=\"wp-block-heading\" id=\"mce_0\"><em>Es seguro, f\u00e1cil de usar y de bajo costo. \u00a1Es sustentable!<\/em><\/h4>\n","protected":false},"excerpt":{"rendered":"<p>TRATAMIENTO DE EFLUENTES \u2022 Reduce eficazmente el mal olor del sistema. \u2022 Digiere r\u00e1pidamente la materia org\u00e1nica, consecuentemente, reduce el DBO y DQO. \u2022 Reduce la concentraci\u00f3n de coliformes. \u2022 Reduce gases nocivos como el amon\u00edaco, el gas sulfh\u00eddrico y el mercaptano. \u2022 Reduce, significativamente, el lodo sedimentado. \u2022 Reduce el consumo de uso de [&hellip;]<\/p>\n","protected":false},"author":1,"featured_media":142,"parent":61,"menu_order":0,"comment_status":"closed","ping_status":"closed","template":"template-base-aplicacoes.php","meta":{"footnotes":""},"class_list":["post-81","page","type-page","status-publish","has-post-thumbnail","hentry"],"_links":{"self":[{"href":"https:\/\/www.em-la.com\/es\/wp-json\/wp\/v2\/pages\/81","targetHints":{"allow":["GET"]}}],"collection":[{"href":"https:\/\/www.em-la.com\/es\/wp-json\/wp\/v2\/pages"}],"about":[{"href":"https:\/\/www.em-la.com\/es\/wp-json\/wp\/v2\/types\/page"}],"author":[{"embeddable":true,"href":"https:\/\/www.em-la.com\/es\/wp-json\/wp\/v2\/users\/1"}],"replies":[{"embeddable":true,"href":"https:\/\/www.em-la.com\/es\/wp-json\/wp\/v2\/comments?post=81"}],"version-history":[{"count":28,"href":"https:\/\/www.em-la.com\/es\/wp-json\/wp\/v2\/pages\/81\/revisions"}],"predecessor-version":[{"id":1175,"href":"https:\/\/www.em-la.com\/es\/wp-json\/wp\/v2\/pages\/81\/revisions\/1175"}],"up":[{"embeddable":true,"href":"https:\/\/www.em-la.com\/es\/wp-json\/wp\/v2\/pages\/61"}],"wp:featuredmedia":[{"embeddable":true,"href":"https:\/\/www.em-la.com\/es\/wp-json\/wp\/v2\/media\/142"}],"wp:attachment":[{"href":"https:\/\/www.em-la.com\/es\/wp-json\/wp\/v2\/media?parent=81"}],"curies":[{"name":"wp","href":"https:\/\/api.w.org\/{rel}","templated":true}]}}