{"id":87,"date":"2019-04-18T10:43:12","date_gmt":"2019-04-18T13:43:12","guid":{"rendered":"https:\/\/www.em-la.com\/\/?page_id=87"},"modified":"2019-07-16T11:23:29","modified_gmt":"2019-07-16T14:23:29","slug":"dr-teruo-higo","status":"publish","type":"page","link":"https:\/\/www.em-la.com\/es\/quem-somos\/dr-teruo-higo\/","title":{"rendered":"\u00bfQui\u00e9n es el Dr. Teruo Higa?"},"content":{"rendered":"\n<div class=\"wp-block-image\"><figure class=\"aligncenter\"><img loading=\"lazy\" decoding=\"async\" width=\"268\" height=\"268\" src=\"https:\/\/www.em-la.com\/\/wp-content\/uploads\/2019\/04\/foto-dr-teruo-higo.jpg\" alt=\"\" class=\"wp-image-133\" srcset=\"https:\/\/www.em-la.com\/wp-content\/uploads\/2019\/04\/foto-dr-teruo-higo.jpg 268w, https:\/\/www.em-la.com\/wp-content\/uploads\/2019\/04\/foto-dr-teruo-higo-150x150.jpg 150w, https:\/\/www.em-la.com\/wp-content\/uploads\/2019\/04\/foto-dr-teruo-higo-31x31.jpg 31w\" sizes=\"auto, (max-width: 268px) 100vw, 268px\" \/><\/figure><\/div>\n\n\n<p>\u00a0<\/p>\n<p>El profesor Teruo Higa naci\u00f3 el 28 de Diciembre de 1941, en Okinawa, Jap\u00f3n. Desde su infancia, la inclinaci\u00f3n por la agricultura estaba en sus pensamientos y en su vida cotidiana.<\/p>\n<p>A una corta edad, ya hab\u00eda decidido convertirse en un l\u00edder agr\u00edcola muy diferente al agricultor tradicional de su \u00e9poca. Siguiendo su convicci\u00f3n, se gradu\u00f3 del Departamento de Agricultura de la Universidad de Ryukyus.<\/p>\n<p>Continu\u00f3 su doctorado en la Universidad de Kyushyu en donde complet\u00f3 el curso de Investigaci\u00f3n Agr\u00edcola.En 1970, fue invitado para ser conferencista en la Universidad de Ryukyus. En 1972, fue nombrado como profesor asistente y diez a\u00f1os despu\u00e9s, en 1982, como catedr\u00e1tico de dicha universidad.<\/p>\n<p>En 2007, fue reconocido como profesor honorario de la Universidad de Ryukyus y como profesor de la Universidad de Meio en Okinawa, Jap\u00f3n.\u00a0 Este mismo a\u00f1o, Dr. Higa asumi\u00f3 la presidencia del \u201cInstituto Internacional de la Tecnolog\u00eda EM\u2122\u201d.<\/p>\n<p>Con el desarrollo del EM\u2122 llegaron los reconocimientos internacionales y, hoy, \u00e9l orienta y da asistencia para la aplicaci\u00f3n e investigaci\u00f3n del EM\u2122 en todo el mundo.<\/p>","protected":false},"excerpt":{"rendered":"<p>\u00a0 El profesor Teruo Higa naci\u00f3 el 28 de Diciembre de 1941, en Okinawa, Jap\u00f3n. Desde su infancia, la inclinaci\u00f3n por la agricultura estaba en sus pensamientos y en su vida cotidiana. A una corta edad, ya hab\u00eda decidido convertirse en un l\u00edder agr\u00edcola muy diferente al agricultor tradicional de su \u00e9poca. Siguiendo su convicci\u00f3n, [&hellip;]<\/p>\n","protected":false},"author":1,"featured_media":117,"parent":121,"menu_order":0,"comment_status":"closed","ping_status":"closed","template":"template-base.php","meta":{"footnotes":""},"class_list":["post-87","page","type-page","status-publish","has-post-thumbnail","hentry"],"_links":{"self":[{"href":"https:\/\/www.em-la.com\/es\/wp-json\/wp\/v2\/pages\/87","targetHints":{"allow":["GET"]}}],"collection":[{"href":"https:\/\/www.em-la.com\/es\/wp-json\/wp\/v2\/pages"}],"about":[{"href":"https:\/\/www.em-la.com\/es\/wp-json\/wp\/v2\/types\/page"}],"author":[{"embeddable":true,"href":"https:\/\/www.em-la.com\/es\/wp-json\/wp\/v2\/users\/1"}],"replies":[{"embeddable":true,"href":"https:\/\/www.em-la.com\/es\/wp-json\/wp\/v2\/comments?post=87"}],"version-history":[{"count":12,"href":"https:\/\/www.em-la.com\/es\/wp-json\/wp\/v2\/pages\/87\/revisions"}],"predecessor-version":[{"id":984,"href":"https:\/\/www.em-la.com\/es\/wp-json\/wp\/v2\/pages\/87\/revisions\/984"}],"up":[{"embeddable":true,"href":"https:\/\/www.em-la.com\/es\/wp-json\/wp\/v2\/pages\/121"}],"wp:featuredmedia":[{"embeddable":true,"href":"https:\/\/www.em-la.com\/es\/wp-json\/wp\/v2\/media\/117"}],"wp:attachment":[{"href":"https:\/\/www.em-la.com\/es\/wp-json\/wp\/v2\/media?parent=87"}],"curies":[{"name":"wp","href":"https:\/\/api.w.org\/{rel}","templated":true}]}}