{"id":89,"date":"2019-04-18T10:44:18","date_gmt":"2019-04-18T13:44:18","guid":{"rendered":"https:\/\/www.em-la.com\/\/?page_id=89"},"modified":"2023-03-31T16:04:25","modified_gmt":"2023-03-31T19:04:25","slug":"emro","status":"publish","type":"page","link":"https:\/\/www.em-la.com\/es\/quem-somos\/emro\/","title":{"rendered":"EMRO"},"content":{"rendered":"<p>EM Research Organization (Organizaci\u00f3n para la Investigaci\u00f3n del EM\u2122) fue fundada en 1994, en Okinawa, Jap\u00f3n. EMRO es una instituci\u00f3n sin fines de lucro cuya finalidad es fortalecer y difundir el uso de la Tecnologia EM\u2122 en el mundo.<\/p>\n<p>A trav\u00e9s de sus oficinas regionales, EMRO llega a una gran cantidad de pa\u00edses donde herramientas como el EM\u2122 son vitales para contribuir\u00a0 con el desarrollo de empresas, comunidades, gobiernos locales, ONG en \u00e1reas tan diversas como la producci\u00f3n agr\u00edcola, la salud, el medio ambiente, entre otros.<\/p>\n<p>Actualmente, EMRO dispone de oficinas en Alemania, Tailandia, Malasia,\u00a0\u00a0 China, Estados Unidos y Panam\u00e1. Cada una de estas oficinas cuida de regiones estrat\u00e9gicas para el desarrollo de la Tecnolog\u00eda.<\/p>\n<p>En Am\u00e9rica Latina, la sub-sede es EMRO \u2013 Interam\u00e9rica localizada en la ciudad de Panam\u00e1, en Panam\u00e1, cuya funci\u00f3n consiste en fiscalizar y coordinar el trabajo de desarrollo y divulgaci\u00f3n del EM\u2122 y otros subproductos en el Continente.<\/p>\n<p>EMRO mantiene los derechos, registros de marca y patentes a nivel mundial sobre la Tecnologia EM, los Microorganismos Eficaces\u2122, el logo del EM\u2122\u00a0 as\u00ed como sobre una amplia gama de productos y sus procesos de manufactura en todo el mundo.<\/p>\n<p>A trav\u00e9s del departamento de investigaci\u00f3n de EMRO y con la red mundial de contactos, se generan informaciones de calidad y estudios concretos de de casos que son aplicables en distintas situaciones lo que conlleva a darles soluci\u00f3n con facilidad y credibilidad.<\/p>\n<p>Si quiere saber m\u00e1s sobre EMRO, acesse\u00a0<a href=\"http:\/\/www.emrojapan.com\/\">www.emrojapan.com<\/a><\/p>\n\n\n<p><br><\/p>\n","protected":false},"excerpt":{"rendered":"<p>EM Research Organization (Organizaci\u00f3n para la Investigaci\u00f3n del EM\u2122) fue fundada en 1994, en Okinawa, Jap\u00f3n. EMRO es una instituci\u00f3n sin fines de lucro cuya finalidad es fortalecer y difundir el uso de la Tecnologia EM\u2122 en el mundo. A trav\u00e9s de sus oficinas regionales, EMRO llega a una gran cantidad de pa\u00edses donde herramientas [&hellip;]<\/p>\n","protected":false},"author":1,"featured_media":240,"parent":121,"menu_order":0,"comment_status":"closed","ping_status":"closed","template":"template-base.php","meta":{"footnotes":""},"class_list":["post-89","page","type-page","status-publish","has-post-thumbnail","hentry"],"_links":{"self":[{"href":"https:\/\/www.em-la.com\/es\/wp-json\/wp\/v2\/pages\/89","targetHints":{"allow":["GET"]}}],"collection":[{"href":"https:\/\/www.em-la.com\/es\/wp-json\/wp\/v2\/pages"}],"about":[{"href":"https:\/\/www.em-la.com\/es\/wp-json\/wp\/v2\/types\/page"}],"author":[{"embeddable":true,"href":"https:\/\/www.em-la.com\/es\/wp-json\/wp\/v2\/users\/1"}],"replies":[{"embeddable":true,"href":"https:\/\/www.em-la.com\/es\/wp-json\/wp\/v2\/comments?post=89"}],"version-history":[{"count":11,"href":"https:\/\/www.em-la.com\/es\/wp-json\/wp\/v2\/pages\/89\/revisions"}],"predecessor-version":[{"id":1648,"href":"https:\/\/www.em-la.com\/es\/wp-json\/wp\/v2\/pages\/89\/revisions\/1648"}],"up":[{"embeddable":true,"href":"https:\/\/www.em-la.com\/es\/wp-json\/wp\/v2\/pages\/121"}],"wp:featuredmedia":[{"embeddable":true,"href":"https:\/\/www.em-la.com\/es\/wp-json\/wp\/v2\/media\/240"}],"wp:attachment":[{"href":"https:\/\/www.em-la.com\/es\/wp-json\/wp\/v2\/media?parent=89"}],"curies":[{"name":"wp","href":"https:\/\/api.w.org\/{rel}","templated":true}]}}