{"id":91,"date":"2019-04-18T10:45:09","date_gmt":"2019-04-18T13:45:09","guid":{"rendered":"https:\/\/www.em-la.com\/\/?page_id=91"},"modified":"2023-03-31T16:05:16","modified_gmt":"2023-03-31T19:05:16","slug":"tecnologia-em","status":"publish","type":"page","link":"https:\/\/www.em-la.com\/es\/quem-somos\/tecnologia-em\/","title":{"rendered":"Tecnolog\u00eda EM\u2122"},"content":{"rendered":"<p>Es importante reiterar que el profesor Teruo Higa es el padre intelectual de la Tecnolog\u00eda EM\u2122, la cual ha sido utilizada en una extensa gama de campos&nbsp; tales como: la agricultura, la pecuaria, el medio ambiente, la construcci\u00f3n, la industria y la salud. Hasta la fecha, la Tecnolog\u00eda EM\u2122 ha sido difundida en m\u00e1s de 120 pa\u00edses alrededor del mundo.<\/p>\n<p>La abreviatura \u201cEM\u2122\u201d, que hace referencia a \u201cEffective Microorganisms\u2122\u201d ha sido incluida como la \u00faltima palabra clave en la Enciclopedia Japonesa de Palabras Contempor\u00e1neas, publicada en Enero de 1997.<\/p>\n<p>Con el avance de las ciencias y de los procesos tecnol\u00f3gicos en el mundo, muchas empresas han intentando copiar esta Tecnolog\u00eda, sin embargo; hasta el momento nadie ha conseguido ni copiarla ni mejorarla.<\/p>\n<p><strong>\u00a1Nuestro EM\u2122 es \u00daNICO, AUTENTICO, Y ORIGINAL!<\/strong><\/p>\n<p>&nbsp;<\/p>\n\n<iframe loading=\"lazy\" width=\"956\" height=\"538\" src=\"https:\/\/www.youtube.com\/embed\/wKcaMTCFoo0\" title=\"YouTube video player\" frameborder=\"0\" allow=\"accelerometer; autoplay; clipboard-write; encrypted-media; gyroscope; picture-in-picture\" allowfullscreen=\"\"><\/iframe>\n\n\n<hr class=\"wp-block-separator\"\/>\n\n\n<p><\/p>\n<p><span style=\"color: #51b033;\"><strong>\u00bfC\u00d3MO SURGI\u00d3 LA TECNOLOG\u00cdA EM\u2122?<\/strong><\/span><\/p>\n<p>La historia inicia cuando el Dr. Higa era estudiante de Doctorado en Horticultura, en la Universidad de Kyushyu. Su investigaci\u00f3n versaba sobre mandarinas y fue aqu\u00ed, precisamente, donde descubri\u00f3 el potencial de los microorganismos en el campo agr\u00edcola y que lo motiv\u00f3 a cambiar el rumbo de su investigaci\u00f3n.<\/p>\n<p>En aquella \u00e9poca, el cultivo de mandarinas se basaba en una agricultura intensiva a base de aqroqu\u00edmicos.<\/p>\n<p>El Dr. Higa se interes\u00f3 por los microorganismos, no obstante; defendia el uso de fertilizantes qu\u00edmicos y pesticidas. Mientras trabajaba con las mandarinas, present\u00f3 algunos problemas de salud cuyos s\u00edntomas empeoraban cuando entraba en contacto con los agroqu\u00edmicos. Esta situaci\u00f3n influy\u00f3 su pensamiento, al punto que decidi\u00f3, definitivamente, trabajar con los microorganismos como objetivo principal de su investigaci\u00f3n. En aquel tiempo, se trabajaba con un solo tipo de microorganismos pese a la existencia de muchos de \u00e9stos aptos para investigar.<\/p>\n<p>Durante cinco a\u00f1os su investigaci\u00f3n no gener\u00f3 informaci\u00f3n significativa alguna.<\/p>\n<p>De regreso a la Universidad de Ryukyus, en Okinawa, continu\u00f3 su investigaci\u00f3n, \u00fanicamente, con microorganismos seguros y ben\u00e9ficos, por esta raz\u00f3n, siempre recog\u00eda los microorganismos que utilizaba, durante el dia, en un mismo recipiente para desecharlos al final de la jornada de trabajo. Un dia, pens\u00f3 que no deber\u00eda desecharlos en el fregadero porque eran muy costosos por lo que decidi\u00f3 aplicarlos en un espacio del c\u00e9sped.<\/p>\n<p>Una semana despu\u00e9s, se notaba una gran diferencia entre el c\u00e9sped que hab\u00eda recibido los microorganismos y la parte donde no los hab\u00eda aplicado. Como ninguno de sus estudiantes hab\u00eda trabajado en esa \u00e1rea, el Dr. Higa tuvo la convicci\u00f3n de que la mezcla de varios microorganismos hab\u00eda producido aquel efecto positivo en el c\u00e9sped.<\/p>\n<p>Aqu\u00ed, descubri\u00f3 que la llave del secreto era la combinaci\u00f3n correcta de los microorganismos. Despu\u00e9s de muchas pruebas y errores, en 1980, el Dr. Higa lleg\u00f3 a una mezcla perfecta que promov\u00eda el crecimiento saludable de las plantas. A este grupo de microorganismos lo llam\u00f3 \u201cEM\u201d.<\/p>\n<p>Actualmente, la mejor y m\u00e1s completa f\u00f3rmula disponible en el mercado mundial es el EM\u20221\u00ae.<\/p>\n<p>A partir de esta f\u00f3rmula, se han creado otros subproductos y se han abierto otros nichos de mercado.<\/p>","protected":false},"excerpt":{"rendered":"<p>Es importante reiterar que el profesor Teruo Higa es el padre intelectual de la Tecnolog\u00eda EM\u2122, la cual ha sido utilizada en una extensa gama de campos&nbsp; tales como: la agricultura, la pecuaria, el medio ambiente, la construcci\u00f3n, la industria y la salud. Hasta la fecha, la Tecnolog\u00eda EM\u2122 ha sido difundida en m\u00e1s de [&hellip;]<\/p>\n","protected":false},"author":1,"featured_media":119,"parent":121,"menu_order":0,"comment_status":"closed","ping_status":"closed","template":"template-base.php","meta":{"footnotes":""},"class_list":["post-91","page","type-page","status-publish","has-post-thumbnail","hentry"],"_links":{"self":[{"href":"https:\/\/www.em-la.com\/es\/wp-json\/wp\/v2\/pages\/91","targetHints":{"allow":["GET"]}}],"collection":[{"href":"https:\/\/www.em-la.com\/es\/wp-json\/wp\/v2\/pages"}],"about":[{"href":"https:\/\/www.em-la.com\/es\/wp-json\/wp\/v2\/types\/page"}],"author":[{"embeddable":true,"href":"https:\/\/www.em-la.com\/es\/wp-json\/wp\/v2\/users\/1"}],"replies":[{"embeddable":true,"href":"https:\/\/www.em-la.com\/es\/wp-json\/wp\/v2\/comments?post=91"}],"version-history":[{"count":23,"href":"https:\/\/www.em-la.com\/es\/wp-json\/wp\/v2\/pages\/91\/revisions"}],"predecessor-version":[{"id":1650,"href":"https:\/\/www.em-la.com\/es\/wp-json\/wp\/v2\/pages\/91\/revisions\/1650"}],"up":[{"embeddable":true,"href":"https:\/\/www.em-la.com\/es\/wp-json\/wp\/v2\/pages\/121"}],"wp:featuredmedia":[{"embeddable":true,"href":"https:\/\/www.em-la.com\/es\/wp-json\/wp\/v2\/media\/119"}],"wp:attachment":[{"href":"https:\/\/www.em-la.com\/es\/wp-json\/wp\/v2\/media?parent=91"}],"curies":[{"name":"wp","href":"https:\/\/api.w.org\/{rel}","templated":true}]}}